{"id":105,"date":"2022-01-04T10:41:52","date_gmt":"2022-01-04T10:41:52","guid":{"rendered":"https:\/\/jonis.lt\/ansamblis\/?page_id=105"},"modified":"2026-02-09T13:47:08","modified_gmt":"2026-02-09T13:47:08","slug":"dainu-tekstai-mp3","status":"publish","type":"page","link":"https:\/\/jonis.lt\/ansamblis\/dainu-tekstai-mp3\/","title":{"rendered":"Dain\u0173 tekstai, Mp3"},"content":{"rendered":"\t\t<div data-elementor-type=\"wp-page\" data-elementor-id=\"105\" class=\"elementor elementor-105\" data-elementor-post-type=\"page\">\n\t\t\t\t\t\t<section class=\"elementor-section elementor-top-section elementor-element elementor-element-b1af7f0 elementor-section-boxed elementor-section-height-default elementor-section-height-default\" data-id=\"b1af7f0\" data-element_type=\"section\" data-e-type=\"section\">\n\t\t\t\t\t\t<div class=\"elementor-container elementor-column-gap-default\">\n\t\t\t\t\t<div class=\"elementor-column elementor-col-33 elementor-top-column elementor-element elementor-element-6118c48\" data-id=\"6118c48\" data-element_type=\"column\" data-e-type=\"column\">\n\t\t\t<div class=\"elementor-widget-wrap\">\n\t\t\t\t\t\t\t<\/div>\n\t\t<\/div>\n\t\t\t\t<div class=\"elementor-column elementor-col-33 elementor-top-column elementor-element elementor-element-a5df20a\" data-id=\"a5df20a\" data-element_type=\"column\" data-e-type=\"column\">\n\t\t\t<div class=\"elementor-widget-wrap\">\n\t\t\t\t\t\t\t<\/div>\n\t\t<\/div>\n\t\t\t\t<div class=\"elementor-column elementor-col-33 elementor-top-column elementor-element elementor-element-b56943a\" data-id=\"b56943a\" data-element_type=\"column\" data-e-type=\"column\">\n\t\t\t<div class=\"elementor-widget-wrap\">\n\t\t\t\t\t\t\t<\/div>\n\t\t<\/div>\n\t\t\t\t\t<\/div>\n\t\t<\/section>\n\t\t\t\t<section class=\"elementor-section elementor-top-section elementor-element elementor-element-74bfb78 elementor-section-boxed elementor-section-height-default elementor-section-height-default\" data-id=\"74bfb78\" data-element_type=\"section\" data-e-type=\"section\">\n\t\t\t\t\t\t<div class=\"elementor-container elementor-column-gap-default\">\n\t\t\t\t\t<div class=\"elementor-column elementor-col-50 elementor-top-column elementor-element elementor-element-fecce29\" data-id=\"fecce29\" data-element_type=\"column\" data-e-type=\"column\">\n\t\t\t<div class=\"elementor-widget-wrap elementor-element-populated\">\n\t\t\t\t\t\t<div class=\"elementor-element elementor-element-9646de3 elementor-widget elementor-widget-text-editor\" data-id=\"9646de3\" data-element_type=\"widget\" data-e-type=\"widget\" data-widget_type=\"text-editor.default\">\n\t\t\t\t<div class=\"elementor-widget-container\">\n\t\t\t\t\t\t\t\t\t<h6><span style=\"color: #993300;\">Ansamblio JONIS dainos MP3\u00a0 su tekstais<\/span><\/h6><h6>Pastaba: &#8222;Jonio&#8221; k\u016brinius galima naudoti tik nekomerciniais tikslais\u00a0<\/h6><h6>\u00a0<\/h6><h6><strong><a href=\"https:\/\/jonis.lt\/ansamblis\/pirmas-sienas\/\">Pirmas \u0161ienas<\/a><\/strong><\/h6><h6><a href=\"https:\/\/jonis.lt\/ansamblis\/ant-kalno-akmuo\/\"><strong>Ant kalno akmuo<\/strong><\/a><\/h6><h6><a href=\"https:\/\/jonis.lt\/ansamblis\/bimbala\/\"><strong>Bimbala<\/strong><\/a><\/h6><h6><a href=\"https:\/\/jonis.lt\/ansamblis\/du-broliai\/\"><strong>Du broliai<\/strong><\/a><\/h6><h6><a href=\"https:\/\/jonis.lt\/ansamblis\/festivalie\/\"><strong>Festivalie<\/strong><\/a><\/h6><h6><a href=\"https:\/\/jonis.lt\/ansamblis\/geltonas-vakaras\/\"><strong>Geltonas vakaras<\/strong><\/a><\/h6><h6><a href=\"https:\/\/jonis.lt\/ansamblis\/joniniu-naktis\/\"><strong>Jonini\u0173 naktis<\/strong><\/a><\/h6><h6><a href=\"https:\/\/jonis.lt\/ansamblis\/karveleli-paukstuzeli\/\"><strong>Karvel\u0117li, pauk\u0161tu\u017e\u0117li&#8230;<\/strong><\/a><\/h6><h6><a href=\"https:\/\/jonis.lt\/ansamblis\/kelias-i-namus\/\"><strong>Kelias \u012f namus<\/strong><\/a><\/h6><h6><a href=\"https:\/\/jonis.lt\/ansamblis\/kermoselis-truli-truli\/\"><strong>Kermo\u0161\u0117lis tr\u016bli tr\u016bli<\/strong><\/a><\/h6><h6><a href=\"https:\/\/jonis.lt\/ansamblis\/lietuva\/\"><strong>Lietuva<\/strong><\/a><\/h6><h6><a href=\"https:\/\/jonis.lt\/ansamblis\/namu-zidinys\/\"><strong>Nam\u0173 \u017eidinys<\/strong><\/a><\/h6><h6><a href=\"https:\/\/jonis.lt\/ansamblis\/peleda\/\"><strong>Pel\u0117da<\/strong><\/a><\/h6><h6><a href=\"https:\/\/jonis.lt\/ansamblis\/rytmetine-armonikele\/\"><strong>Rytmetin\u0117 armonik\u0117l\u0117<\/strong><\/a><\/h6><h6><a href=\"https:\/\/jonis.lt\/ansamblis\/siaudines-kepures\/\"><strong>\u0160iaudin\u0117s kepur\u0117s<\/strong><\/a><\/h6><h6><a href=\"https:\/\/jonis.lt\/ansamblis\/sventa-juona-nakti\/\"><strong>\u0160venta Juona nakti<\/strong><\/a><\/h6><h6><a href=\"https:\/\/jonis.lt\/ansamblis\/ten-gerai\/\"><strong>Ten gerai<\/strong><\/a><\/h6><h6><a href=\"https:\/\/jonis.lt\/ansamblis\/untans-reikalaun-alaus\/\"><strong>Untans reikalaun alaus<\/strong><\/a><\/h6><h6><a href=\"https:\/\/jonis.lt\/ansamblis\/viena-karta\/\"><strong>Vien\u0105 kart\u0105<\/strong><\/a><\/h6><h6><a href=\"https:\/\/jonis.lt\/ansamblis\/zemaiteja-sventa\/\"><strong>\u017demait\u0117ja \u0161v\u0117nta<\/strong><\/a><\/h6><h6><a href=\"https:\/\/jonis.lt\/ansamblis\/sustokim-visi-ratu\/\"><strong>Sustokim visi ratu<\/strong><\/a><\/h6><h6><a href=\"https:\/\/jonis.lt\/ansamblis\/ar-meni\/\"><strong>Ar meni?<\/strong><\/a><\/h6><h6><a href=\"https:\/\/jonis.lt\/ansamblis\/aukstaitija\/\"><strong>Auk\u0161taitija<\/strong><\/a><\/h6><h6><a href=\"https:\/\/jonis.lt\/ansamblis\/be-manes\/\"><strong>Be man\u0119s<\/strong><\/a><\/h6><h6><a href=\"https:\/\/jonis.lt\/ansamblis\/du-zirgai\/\"><strong>Du \u017eirgai<\/strong><\/a><\/h6><h6><a href=\"https:\/\/jonis.lt\/ansamblis\/uz-jaunyste-ir-draugus\/\"><strong>U\u017e jaunyst\u0119 ir draugus<\/strong><\/a><\/h6><h6><a href=\"https:\/\/jonis.lt\/ansamblis\/liudnas-dangus\/\"><strong>Li\u016bdnas dangus<\/strong><\/a><\/h6><h6><a href=\"https:\/\/jonis.lt\/ansamblis\/paklausykit-moteriskes\/\"><strong>Paklausykit, moteri\u0161k\u0117s<\/strong><\/a><\/h6><h6><a href=\"https:\/\/jonis.lt\/ansamblis\/pavasario-rytas\/\"><strong>Pavasario rytas<\/strong><\/a><\/h6><h6><a href=\"https:\/\/jonis.lt\/ansamblis\/kol-i-vakara-seringiai-byra\/\"><strong>Kol \u012f vakar\u0105 s\u0117ringiai byra<\/strong><\/a><\/h6><h6><a href=\"https:\/\/jonis.lt\/ansamblis\/vienkiemis\/\"><strong>Vienkiemis<\/strong><\/a><\/h6><h6><a href=\"https:\/\/jonis.lt\/ansamblis\/apsilankymas\/\">Apsilankymas<\/a><\/h6><h6><a href=\"https:\/\/jonis.lt\/ansamblis\/as-sugrisiu\/\">A\u0161 sugr\u012f\u0161iu<\/a><\/h6><h6><a href=\"https:\/\/jonis.lt\/ansamblis\/bajorelis\/\">Bajor\u0117lis<\/a><\/h6><h6><a href=\"https:\/\/jonis.lt\/ansamblis\/ei-dzium-dzium\/\">Ei d\u017eium d\u017eium<\/a><\/h6><h6><a href=\"https:\/\/jonis.lt\/ansamblis\/aname-krante\/\">Aname krante<\/a><\/h6><h6><a href=\"https:\/\/jonis.lt\/ansamblis\/ei-mergyt\/\">Ei, mergyt<\/a><\/h6><h6><a href=\"https:\/\/jonis.lt\/ansamblis\/kaimas-pamirstas-visai\/\">Kaimas pamir\u0161tas visai!<\/a><\/h6><h6><a href=\"https:\/\/jonis.lt\/ansamblis\/i-teviske\/\">\u012e t\u0117vi\u0161k\u0119<\/a><\/h6><h6><a href=\"https:\/\/jonis.lt\/ansamblis\/kas-do-gadyne\/\">Kas do gadyn\u0117<\/a><\/h6><h6><a href=\"https:\/\/jonis.lt\/ansamblis\/mandolena\/\">Mandolena<\/a><\/h6><h6><a href=\"https:\/\/jonis.lt\/ansamblis\/mano-kaime-lyja-lietus\/\">Mano kaime lyja liet\u016bs<\/a><\/h6><h6><a href=\"https:\/\/jonis.lt\/ansamblis\/ateik\/\">Ateik<\/a><\/h6><h6><a href=\"https:\/\/jonis.lt\/ansamblis\/namo-rugeliai\/\">Namo, rugeliai<\/a><\/h6><h6><a href=\"https:\/\/jonis.lt\/ansamblis\/na-tai-kas\/\">Na tai kas<\/a><\/h6><h6><a href=\"https:\/\/jonis.lt\/ansamblis\/pirmoji-karta-nuo-zagres\/\">Pirmoji karta nuo \u017eagr\u0117s<\/a><\/h6><h6><a href=\"https:\/\/jonis.lt\/ansamblis\/pavasariniai-gundymai\/\">Pavasariniai gundymai<\/a><\/h6><h6><a href=\"https:\/\/jonis.lt\/ansamblis\/mazas-kai-buvau\/\">Ma\u017eas kai buvau<\/a><\/h6><h6><a href=\"https:\/\/jonis.lt\/ansamblis\/piemenu-giesme\/\">Piemen\u0173 giesm\u0117<\/a><\/h6><h6><a href=\"https:\/\/jonis.lt\/ansamblis\/padovanosiu-tau-save\/\">Padovanosiu tau save<\/a><\/h6><h6><a href=\"https:\/\/jonis.lt\/ansamblis\/prisiminimas\/\">Prisiminimas<\/a><\/h6><h6><a href=\"https:\/\/jonis.lt\/ansamblis\/rudenelis\/\">Ruden\u0117lis<\/a><\/h6><h6><a href=\"https:\/\/jonis.lt\/ansamblis\/soldino-pusis\/\">Soldino pu\u0161is<\/a><\/h6><h6><a href=\"https:\/\/jonis.lt\/ansamblis\/sunku\/\">Sunku<\/a><\/h6><h6><a href=\"https:\/\/jonis.lt\/ansamblis\/trys-malunai\/\">Trys mal\u016bnai<\/a><\/h6><h6><a href=\"https:\/\/jonis.lt\/ansamblis\/trins-kleva\/\">Trins kleva<\/a><\/h6><h6><a href=\"https:\/\/jonis.lt\/ansamblis\/vejo-daina\/\">V\u0117jo daina<\/a><\/h6><h6><a href=\"https:\/\/jonis.lt\/ansamblis\/zemaiteskas-pirslybas\/\">\u017demait\u0117\u0161kas pir\u0161lybas<\/a><\/h6><h6><a href=\"https:\/\/jonis.lt\/ansamblis\/apie-tris-pacias\/\">Apie tris pa\u010dias<\/a><\/h6><h6><a href=\"https:\/\/jonis.lt\/ansamblis\/aukstaiciu-alus\/\">Auk\u0161tai\u010di\u0173 alus<\/a><\/h6><h6><a href=\"https:\/\/jonis.lt\/ansamblis\/didziaake\/\">Did\u017eiaak\u0117<\/a><\/h6><h6><a href=\"https:\/\/jonis.lt\/ansamblis\/dievulio-zirniai\/\">Dievulio \u017eirniai<\/a><\/h6><h6><a href=\"https:\/\/jonis.lt\/ansamblis\/gatviu-zibintai\/\">Gatvi\u0173 \u017eibintai<\/a><\/h6><h6><a href=\"https:\/\/jonis.lt\/ansamblis\/pusryciu-metas\/\">Pusry\u010di\u0173 metas<\/a><\/h6><h6><a href=\"https:\/\/jonis.lt\/ansamblis\/vasarele\/\">Vasar\u0117l\u0117<\/a><\/h6><h6><a href=\"https:\/\/jonis.lt\/ansamblis\/zemaitijai\/\">\u017demaitijai<\/a><\/h6><h6><a href=\"https:\/\/jonis.lt\/ansamblis\/zemaiciu-himnas\/\">\u017demai\u010di\u0173 himnas<\/a><\/h6><h6><a href=\"https:\/\/jonis.lt\/ansamblis\/ukininko-godos\/\">\u016akininko godos<\/a><\/h6><h6><a href=\"https:\/\/jonis.lt\/ansamblis\/aprylius\/\">Aprylius<\/a><\/h6><h6><a href=\"https:\/\/jonis.lt\/ansamblis\/artoju-daina\/\">Artoj\u0173 daina<\/a><\/h6><h6><a href=\"https:\/\/jonis.lt\/ansamblis\/as-esu-jonas\/\">A\u0161 esu Jonas<\/a><\/h6><h6><a href=\"https:\/\/jonis.lt\/ansamblis\/elena\/\">Elena<\/a><\/h6><h6><a href=\"https:\/\/jonis.lt\/ansamblis\/gerkim-alu-is-uzbono\/\">Gerkim al\u0173 i\u0161 uzbono<\/a><\/h6><h6><a href=\"https:\/\/jonis.lt\/ansamblis\/juros-vaikai\/\">J\u016bros vaikai<\/a><\/h6><h6><a href=\"https:\/\/jonis.lt\/ansamblis\/juzi-juzi\/\">Juzi Juzi<\/a><\/h6><h6><a href=\"https:\/\/jonis.lt\/ansamblis\/klajuno-daina\/\">Klaj\u016bno daina<\/a><\/h6><h6><a href=\"https:\/\/jonis.lt\/ansamblis\/klausi-miela\/\">Klausi miela<\/a><\/h6><h6><a href=\"https:\/\/jonis.lt\/ansamblis\/laika-upi\/\">Laika upi<\/a><\/h6><h6><a href=\"https:\/\/jonis.lt\/ansamblis\/laima-ir-laime\/\">Laima ir laim\u0117<\/a><\/h6><h6><a href=\"https:\/\/jonis.lt\/ansamblis\/ledo-geles\/\">Ledo g\u0117l\u0117s<\/a><\/h6><h6><a href=\"https:\/\/jonis.lt\/ansamblis\/lyjant\/\">Lyjant<\/a><\/h6><h6><a href=\"https:\/\/jonis.lt\/ansamblis\/niekas-nesuzinos\/\">Niekas nesu\u017einos<\/a><\/h6><h6><a href=\"https:\/\/jonis.lt\/ansamblis\/pasiilgstam-giminiu\/\">Pasiilgstam gimini\u0173<\/a><\/h6><h6><a href=\"https:\/\/jonis.lt\/ansamblis\/plauk-laivelis-nemunu\/\">Plauk laivelis Nemunu<\/a><\/h6><h6><a href=\"https:\/\/jonis.lt\/ansamblis\/prie-sartu\/\">Prie Sart\u0173<\/a><\/h6><h6><a href=\"https:\/\/jonis.lt\/ansamblis\/pirslybos\/\">Pir\u0161lybos<\/a><\/h6><h6><a href=\"https:\/\/jonis.lt\/ansamblis\/pusryciu-metas-2\/\">Pusry\u010di\u0173 metas<\/a><\/h6><h6><a href=\"https:\/\/jonis.lt\/ansamblis\/rugiu-kvepejimas\/\">Rugi\u0173 kvep\u0117jimas<\/a><\/h6><h6><a href=\"https:\/\/jonis.lt\/ansamblis\/sejeju-daina\/\">S\u0117j\u0117j\u0173 daina<\/a><\/h6><h6><a href=\"https:\/\/jonis.lt\/ansamblis\/stovyklautoju-daina\/\">Stovyklautoj\u0173 daina<\/a><\/h6><h6><a href=\"https:\/\/jonis.lt\/ansamblis\/teviskele\/\">T\u0117vi\u0161k\u0117l\u0117<\/a><\/h6><h6><a href=\"https:\/\/jonis.lt\/ansamblis\/tyla-gera-byla\/\">Tyla gera byla<\/a><\/h6><h6><a href=\"https:\/\/jonis.lt\/ansamblis\/uz-degtines-buteliuka\/\">U\u017e degtin\u0117s buteliuk\u0105<\/a><\/h6><h6><a href=\"https:\/\/jonis.lt\/ansamblis\/vasaros-dukra\/\">Vasaros dukra<\/a><\/h6><h6><a href=\"https:\/\/jonis.lt\/ansamblis\/vienintele\/\">Vienintel\u0117<\/a><\/h6><h6><a href=\"https:\/\/jonis.lt\/ansamblis\/virvyte\/\">Virvyt\u0117<\/a><\/h6><h6><a href=\"https:\/\/jonis.lt\/ansamblis\/nauju-belaukiant\/\">Nauj\u0173 belaukiant<\/a><\/h6><h6><a href=\"https:\/\/jonis.lt\/ansamblis\/cigone-pavarazyk\/\">\u010cigone, pavara\u017eyk<\/a><\/h6><h6><a href=\"https:\/\/jonis.lt\/ansamblis\/miesto-vaikai\/\">Miesto vaikai<\/a><\/h6><h6><a href=\"https:\/\/jonis.lt\/ansamblis\/nusivesk-mane-i-zarasus\/\">Nusive\u0161k mane \u012f Zarasus<\/a><\/h6><h6><a href=\"https:\/\/jonis.lt\/ansamblis\/raudoni-dobilai\/\">Raudoni dobilai<\/a><\/h6><h6><a href=\"https:\/\/jonis.lt\/ansamblis\/krastieciu-daina\/\">Kra\u0161tie\u010di\u0173 daina<\/a><\/h6><h6><a href=\"https:\/\/jonis.lt\/ansamblis\/sventes\/\">\u0160vent\u0117s<\/a><\/h6><h6><a href=\"https:\/\/jonis.lt\/ansamblis\/zalias-gojus\/\">\u017dalias gojus<\/a><\/h6><h6>Puslapis pildomas&#8230;\u00a0<\/h6>\t\t\t\t\t\t\t\t<\/div>\n\t\t\t\t<\/div>\n\t\t\t\t\t<\/div>\n\t\t<\/div>\n\t\t\t\t<div class=\"elementor-column elementor-col-50 elementor-top-column elementor-element elementor-element-6e1fdf3\" data-id=\"6e1fdf3\" data-element_type=\"column\" data-e-type=\"column\">\n\t\t\t<div class=\"elementor-widget-wrap elementor-element-populated\">\n\t\t\t\t\t\t<div class=\"elementor-element elementor-element-dade956 elementor-widget elementor-widget-text-editor\" data-id=\"dade956\" data-element_type=\"widget\" data-e-type=\"widget\" data-widget_type=\"text-editor.default\">\n\t\t\t\t<div class=\"elementor-widget-container\">\n\t\t\t\t\t\t\t\t\t<h6><span style=\"color: #993300;\">Ansamblio JONIS instrumentiniai k\u016briniai<\/span><\/h6><h6><span style=\"color: #993300;\">\u00a0<\/span><\/h6><h6><span style=\"color: #3e66ab;\"><a style=\"color: #3e66ab;\" href=\"https:\/\/jonis.lt\/ansamblis\/apie-barbora\/\">Apie Barbor\u0105<\/a><\/span><\/h6><h6><a href=\"https:\/\/jonis.lt\/ansamblis\/bomba\/\"><span style=\"color: #3e66ab;\">Bomba<\/span><\/a><\/h6><h6><a href=\"https:\/\/jonis.lt\/ansamblis\/country-bliuzas\/\">Country bliuzas<\/a><\/h6><h6><a href=\"https:\/\/jonis.lt\/ansamblis\/country-polkiuks-naskubek\/\">Country polkiuks &#8222;Naskub\u0117k&#8221;<\/a><\/h6><h6><a href=\"https:\/\/jonis.lt\/ansamblis\/country-sokis\/\">Country \u0161okis<\/a><\/h6><h6><a href=\"https:\/\/jonis.lt\/ansamblis\/estu-polka\/\">Est\u0173 polka<\/a><\/h6><h6><a href=\"https:\/\/jonis.lt\/ansamblis\/gaspadoriaus-polka\/\">Gaspadoriaus polka<\/a><\/h6><h6><a href=\"https:\/\/jonis.lt\/ansamblis\/grandskveras\/\">Grandskveras<\/a><\/h6><h6><a href=\"https:\/\/jonis.lt\/ansamblis\/jureiviu-marsas\/\">J\u016breivi\u0173 mar\u0161as<\/a><\/h6><h6><a href=\"https:\/\/jonis.lt\/ansamblis\/kai-isplauksiu\/\">Kai i\u0161plauksiu<\/a><\/h6><h6><a href=\"https:\/\/jonis.lt\/ansamblis\/klovos-polka\/\">Klovos polka<\/a><\/h6><h6><a href=\"https:\/\/jonis.lt\/ansamblis\/kranklio-polka\/\">Kranklio polka<\/a><\/h6><h6><a href=\"https:\/\/jonis.lt\/ansamblis\/laukinis-kumelys\/\">Laukinis kumelys<\/a><\/h6><h6><a href=\"https:\/\/jonis.lt\/ansamblis\/liuto-valsas\/\">Li\u016bto valsas<\/a><\/h6><h6><a href=\"https:\/\/jonis.lt\/ansamblis\/marsas-be-zodzu\/\">Mar\u0161as be \u017eod\u017ei\u0173<\/a><\/h6><h6><a href=\"https:\/\/jonis.lt\/ansamblis\/nykstuku-kepurine\/\">Nyk\u0161tuk\u0173 kepurin\u0117<\/a>\u00a0<\/h6><h6><a href=\"https:\/\/jonis.lt\/ansamblis\/mamuneli\/\">Mamun\u0117li<\/a><\/h6><h6><a href=\"https:\/\/jonis.lt\/ansamblis\/liuto-instrumentinis\/\">Li\u016bto instrumentinis<\/a><\/h6><h6><a href=\"https:\/\/jonis.lt\/ansamblis\/malunelis\/\">Mal\u016bn\u0117lis<\/a><\/h6><h6><a href=\"https:\/\/jonis.lt\/ansamblis\/polka-susuktinis\/\">Polka susuktinis<\/a><\/h6><h6><a href=\"https:\/\/jonis.lt\/ansamblis\/prano-polka\/\">Prano polka<\/a><\/h6><h6><a href=\"https:\/\/jonis.lt\/ansamblis\/preriju-melodija\/\">Prerij\u0173 melodija<\/a><\/h6><h6><a href=\"https:\/\/jonis.lt\/ansamblis\/sendzio-polka\/\">Send\u017eio polka<\/a><\/h6><h6><a href=\"https:\/\/jonis.lt\/ansamblis\/serifo-valsas\/\">\u0160erifo valsas<\/a><\/h6><h6><a href=\"https:\/\/jonis.lt\/ansamblis\/smuiku-tradicinis\/\">Smuik\u0173 tradicinis<\/a><\/h6><h6><a href=\"https:\/\/jonis.lt\/ansamblis\/snaro-valsas\/\">\u0160naro valsas<\/a><\/h6><h6><a href=\"https:\/\/jonis.lt\/ansamblis\/tradicinis-greitas\/\">Tradicinis greitas<\/a><\/h6><h6><a href=\"https:\/\/jonis.lt\/ansamblis\/traukinys\/\">Traukinys<\/a><\/h6><h6><a href=\"https:\/\/jonis.lt\/ansamblis\/dviratininku-kalneliai\/\">Dviratinink\u0173 kalneliai<\/a><\/h6><h6><a href=\"https:\/\/jonis.lt\/ansamblis\/rokiskio-polka\/\">Roki\u0161kio polka<\/a><\/h6><h6><a href=\"https:\/\/jonis.lt\/ansamblis\/serbentu-zydejimas\/\">Serbent\u0173 \u017eyd\u0117jimas<\/a><\/h6>\t\t\t\t\t\t\t\t<\/div>\n\t\t\t\t<\/div>\n\t\t\t\t\t<\/div>\n\t\t<\/div>\n\t\t\t\t\t<\/div>\n\t\t<\/section>\n\t\t\t\t<\/div>\n\t\t","protected":false},"excerpt":{"rendered":"<p>Ansamblio JONIS dainos MP3\u00a0 su tekstais Pastaba: &#8222;Jonio&#8221; k\u016brinius galima naudoti tik nekomerciniais tikslais\u00a0 \u00a0 Pirmas \u0161ienas Ant kalno akmuo Bimbala Du broliai Festivalie Geltonas vakaras Jonini\u0173 naktis Karvel\u0117li, pauk\u0161tu\u017e\u0117li&#8230; Kelias \u012f namus Kermo\u0161\u0117lis tr\u016bli tr\u016bli Lietuva Nam\u0173 \u017eidinys Pel\u0117da Rytmetin\u0117 armonik\u0117l\u0117 \u0160iaudin\u0117s kepur\u0117s \u0160venta Juona nakti Ten gerai Untans reikalaun alaus Vien\u0105 kart\u0105 \u017demait\u0117ja [&hellip;]<\/p>\n","protected":false},"author":2,"featured_media":0,"parent":0,"menu_order":0,"comment_status":"closed","ping_status":"closed","template":"elementor_header_footer","meta":{"_eb_attr":"","site-sidebar-layout":"no-sidebar","site-content-layout":"page-builder","ast-site-content-layout":"","site-content-style":"default","site-sidebar-style":"default","ast-global-header-display":"","ast-banner-title-visibility":"","ast-main-header-display":"","ast-hfb-above-header-display":"","ast-hfb-below-header-display":"","ast-hfb-mobile-header-display":"","site-post-title":"disabled","ast-breadcrumbs-content":"","ast-featured-img":"disabled","footer-sml-layout":"","theme-transparent-header-meta":"","adv-header-id-meta":"","stick-header-meta":"","header-above-stick-meta":"","header-main-stick-meta":"","header-below-stick-meta":"","astra-migrate-meta-layouts":"default","ast-page-background-enabled":"default","ast-page-background-meta":{"desktop":{"background-color":"var(--ast-global-color-4)","background-image":"","background-repeat":"repeat","background-position":"center center","background-size":"auto","background-attachment":"scroll","background-type":"","background-media":"","overlay-type":"","overlay-color":"","overlay-opacity":"","overlay-gradient":""},"tablet":{"background-color":"","background-image":"","background-repeat":"repeat","background-position":"center center","background-size":"auto","background-attachment":"scroll","background-type":"","background-media":"","overlay-type":"","overlay-color":"","overlay-opacity":"","overlay-gradient":""},"mobile":{"background-color":"","background-image":"","background-repeat":"repeat","background-position":"center center","background-size":"auto","background-attachment":"scroll","background-type":"","background-media":"","overlay-type":"","overlay-color":"","overlay-opacity":"","overlay-gradient":""}},"ast-content-background-meta":{"desktop":{"background-color":"var(--ast-global-color-5)","background-image":"","background-repeat":"repeat","background-position":"center center","background-size":"auto","background-attachment":"scroll","background-type":"","background-media":"","overlay-type":"","overlay-color":"","overlay-opacity":"","overlay-gradient":""},"tablet":{"background-color":"var(--ast-global-color-5)","background-image":"","background-repeat":"repeat","background-position":"center center","background-size":"auto","background-attachment":"scroll","background-type":"","background-media":"","overlay-type":"","overlay-color":"","overlay-opacity":"","overlay-gradient":""},"mobile":{"background-color":"var(--ast-global-color-5)","background-image":"","background-repeat":"repeat","background-position":"center center","background-size":"auto","background-attachment":"scroll","background-type":"","background-media":"","overlay-type":"","overlay-color":"","overlay-opacity":"","overlay-gradient":""}},"footnotes":""},"class_list":["post-105","page","type-page","status-publish","hentry"],"_links":{"self":[{"href":"https:\/\/jonis.lt\/ansamblis\/wp-json\/wp\/v2\/pages\/105","targetHints":{"allow":["GET"]}}],"collection":[{"href":"https:\/\/jonis.lt\/ansamblis\/wp-json\/wp\/v2\/pages"}],"about":[{"href":"https:\/\/jonis.lt\/ansamblis\/wp-json\/wp\/v2\/types\/page"}],"author":[{"embeddable":true,"href":"https:\/\/jonis.lt\/ansamblis\/wp-json\/wp\/v2\/users\/2"}],"replies":[{"embeddable":true,"href":"https:\/\/jonis.lt\/ansamblis\/wp-json\/wp\/v2\/comments?post=105"}],"version-history":[{"count":280,"href":"https:\/\/jonis.lt\/ansamblis\/wp-json\/wp\/v2\/pages\/105\/revisions"}],"predecessor-version":[{"id":2740,"href":"https:\/\/jonis.lt\/ansamblis\/wp-json\/wp\/v2\/pages\/105\/revisions\/2740"}],"wp:attachment":[{"href":"https:\/\/jonis.lt\/ansamblis\/wp-json\/wp\/v2\/media?parent=105"}],"curies":[{"name":"wp","href":"https:\/\/api.w.org\/{rel}","templated":true}]}}