{"id":107,"date":"2022-01-04T10:42:08","date_gmt":"2022-01-04T10:42:08","guid":{"rendered":"https:\/\/jonis.lt\/ansamblis\/?page_id=107"},"modified":"2026-04-08T13:58:39","modified_gmt":"2026-04-08T13:58:39","slug":"koncertu-grafikai","status":"publish","type":"page","link":"https:\/\/jonis.lt\/ansamblis\/koncertu-grafikai\/","title":{"rendered":"Koncert\u0173 grafikai"},"content":{"rendered":"\t\t<div data-elementor-type=\"wp-page\" data-elementor-id=\"107\" class=\"elementor elementor-107\" data-elementor-post-type=\"page\">\n\t\t\t\t\t\t<section class=\"elementor-section elementor-top-section elementor-element elementor-element-17b8ced elementor-section-boxed elementor-section-height-default elementor-section-height-default\" data-id=\"17b8ced\" data-element_type=\"section\" data-e-type=\"section\">\n\t\t\t\t\t\t<div class=\"elementor-container elementor-column-gap-default\">\n\t\t\t\t\t<div class=\"elementor-column elementor-col-100 elementor-top-column elementor-element elementor-element-73694f6\" data-id=\"73694f6\" data-element_type=\"column\" data-e-type=\"column\">\n\t\t\t<div class=\"elementor-widget-wrap elementor-element-populated\">\n\t\t\t\t\t\t<div class=\"elementor-element elementor-element-6dbffc1 elementor-arrows-position-inside elementor-pagination-position-outside elementor-widget elementor-widget-image-carousel\" data-id=\"6dbffc1\" data-element_type=\"widget\" data-e-type=\"widget\" data-settings=\"{&quot;navigation&quot;:&quot;both&quot;,&quot;autoplay&quot;:&quot;yes&quot;,&quot;pause_on_hover&quot;:&quot;yes&quot;,&quot;pause_on_interaction&quot;:&quot;yes&quot;,&quot;autoplay_speed&quot;:5000,&quot;infinite&quot;:&quot;yes&quot;,&quot;speed&quot;:500}\" data-widget_type=\"image-carousel.default\">\n\t\t\t\t<div class=\"elementor-widget-container\">\n\t\t\t\t\t\t\t<div class=\"elementor-image-carousel-wrapper swiper\" role=\"region\" aria-roledescription=\"carousel\" aria-label=\"Image Carousel\" dir=\"ltr\">\n\t\t\t<div class=\"elementor-image-carousel swiper-wrapper\" aria-live=\"off\">\n\t\t\t\t\t\t\t\t<div class=\"swiper-slide\" role=\"group\" aria-roledescription=\"slide\" aria-label=\"1 of 9\"><figure class=\"swiper-slide-inner\"><img decoding=\"async\" class=\"swiper-slide-image\" src=\"https:\/\/jonis.lt\/ansamblis\/wp-content\/uploads\/2022\/01\/Jonines-Panevezyje-300x200.jpg\" alt=\"Jonines Panevezyje\" \/><\/figure><\/div><div class=\"swiper-slide\" role=\"group\" aria-roledescription=\"slide\" aria-label=\"2 of 9\"><figure class=\"swiper-slide-inner\"><img decoding=\"async\" class=\"swiper-slide-image\" src=\"https:\/\/jonis.lt\/ansamblis\/wp-content\/uploads\/2022\/01\/Jonis-alusvencio-vakarelyje-300x200.jpg\" alt=\"Jonis alusvencio vakarelyje\" \/><\/figure><\/div><div class=\"swiper-slide\" role=\"group\" aria-roledescription=\"slide\" aria-label=\"3 of 9\"><figure class=\"swiper-slide-inner\"><img decoding=\"async\" class=\"swiper-slide-image\" src=\"https:\/\/jonis.lt\/ansamblis\/wp-content\/uploads\/2022\/01\/Jonis-festivalyje-ANT-RUBEZIAUS-300x200.jpg\" alt=\"Jonis festivalyje ANT RUBEZIAUS\" \/><\/figure><\/div><div class=\"swiper-slide\" role=\"group\" aria-roledescription=\"slide\" aria-label=\"4 of 9\"><figure class=\"swiper-slide-inner\"><img decoding=\"async\" class=\"swiper-slide-image\" src=\"https:\/\/jonis.lt\/ansamblis\/wp-content\/uploads\/2022\/01\/Jonis-su-Siauliu-puciamuju-orkestru-300x200.jpg\" alt=\"Jonis su Siauliu puciamuju orkestru\" \/><\/figure><\/div><div class=\"swiper-slide\" role=\"group\" aria-roledescription=\"slide\" aria-label=\"5 of 9\"><figure class=\"swiper-slide-inner\"><img decoding=\"async\" class=\"swiper-slide-image\" src=\"https:\/\/jonis.lt\/ansamblis\/wp-content\/uploads\/2022\/01\/Jonis-koncerte-Zalgirio-arenoje-300x200.jpg\" alt=\"Jonis koncerte Zalgirio arenoje\" \/><\/figure><\/div><div class=\"swiper-slide\" role=\"group\" aria-roledescription=\"slide\" aria-label=\"6 of 9\"><figure class=\"swiper-slide-inner\"><img decoding=\"async\" class=\"swiper-slide-image\" src=\"https:\/\/jonis.lt\/ansamblis\/wp-content\/uploads\/2022\/01\/Jonis-Evaldas-ir-Pranciskus-300x200.jpg\" alt=\"Jonis - Evaldas ir Pranciskus\" \/><\/figure><\/div><div class=\"swiper-slide\" role=\"group\" aria-roledescription=\"slide\" aria-label=\"7 of 9\"><figure class=\"swiper-slide-inner\"><img decoding=\"async\" class=\"swiper-slide-image\" src=\"https:\/\/jonis.lt\/ansamblis\/wp-content\/uploads\/2022\/01\/Jonis-Arunas-ir-Evaldas-300x200.jpg\" alt=\"Jonis - Arunas ir Evaldas\" \/><\/figure><\/div><div class=\"swiper-slide\" role=\"group\" aria-roledescription=\"slide\" aria-label=\"8 of 9\"><figure class=\"swiper-slide-inner\"><img decoding=\"async\" class=\"swiper-slide-image\" src=\"https:\/\/jonis.lt\/ansamblis\/wp-content\/uploads\/2022\/01\/Jonis-Arturas-300x200.jpg\" alt=\"Jonis - Arturas\" \/><\/figure><\/div><div class=\"swiper-slide\" role=\"group\" aria-roledescription=\"slide\" aria-label=\"9 of 9\"><figure class=\"swiper-slide-inner\"><img decoding=\"async\" class=\"swiper-slide-image\" src=\"https:\/\/jonis.lt\/ansamblis\/wp-content\/uploads\/2022\/01\/Jonis-Visagino-festivalyje-300x187.jpg\" alt=\"Jonis Visagino festivalyje\" \/><\/figure><\/div>\t\t\t<\/div>\n\t\t\t\t\t\t\t\t\t\t\t\t<div class=\"elementor-swiper-button elementor-swiper-button-prev\" role=\"button\" tabindex=\"0\">\n\t\t\t\t\t\t<i aria-hidden=\"true\" class=\"eicon-chevron-left\"><\/i>\t\t\t\t\t<\/div>\n\t\t\t\t\t<div class=\"elementor-swiper-button elementor-swiper-button-next\" role=\"button\" tabindex=\"0\">\n\t\t\t\t\t\t<i aria-hidden=\"true\" class=\"eicon-chevron-right\"><\/i>\t\t\t\t\t<\/div>\n\t\t\t\t\n\t\t\t\t\t\t\t\t\t<div class=\"swiper-pagination\"><\/div>\n\t\t\t\t\t\t\t\t\t<\/div>\n\t\t\t\t\t\t<\/div>\n\t\t\t\t<\/div>\n\t\t\t\t\t<\/div>\n\t\t<\/div>\n\t\t\t\t\t<\/div>\n\t\t<\/section>\n\t\t\t\t<section class=\"elementor-section elementor-top-section elementor-element elementor-element-728868d elementor-section-boxed elementor-section-height-default elementor-section-height-default\" data-id=\"728868d\" data-element_type=\"section\" data-e-type=\"section\">\n\t\t\t\t\t\t<div class=\"elementor-container elementor-column-gap-default\">\n\t\t\t\t\t<div class=\"elementor-column elementor-col-100 elementor-top-column elementor-element elementor-element-a17da42\" data-id=\"a17da42\" data-element_type=\"column\" data-e-type=\"column\">\n\t\t\t<div class=\"elementor-widget-wrap elementor-element-populated\">\n\t\t\t\t\t\t<div class=\"elementor-element elementor-element-1d28239 elementor-widget elementor-widget-text-editor\" data-id=\"1d28239\" data-element_type=\"widget\" data-e-type=\"widget\" data-widget_type=\"text-editor.default\">\n\t\t\t\t<div class=\"elementor-widget-container\">\n\t\t\t\t\t\t\t\t\t<h5 style=\"text-align: center;\"><strong>Ansamblio JONIS 2026 met\u0173 koncert\u0173 grafikas<\/strong><\/h5>\t\t\t\t\t\t\t\t<\/div>\n\t\t\t\t<\/div>\n\t\t\t\t\t<\/div>\n\t\t<\/div>\n\t\t\t\t\t<\/div>\n\t\t<\/section>\n\t\t\t\t<section class=\"elementor-section elementor-top-section elementor-element elementor-element-9c9c4ca elementor-section-boxed elementor-section-height-default elementor-section-height-default\" data-id=\"9c9c4ca\" data-element_type=\"section\" data-e-type=\"section\">\n\t\t\t\t\t\t<div class=\"elementor-container elementor-column-gap-default\">\n\t\t\t\t\t<div class=\"elementor-column elementor-col-25 elementor-top-column elementor-element elementor-element-7b01de5\" data-id=\"7b01de5\" data-element_type=\"column\" data-e-type=\"column\">\n\t\t\t<div class=\"elementor-widget-wrap\">\n\t\t\t\t\t\t\t<\/div>\n\t\t<\/div>\n\t\t\t\t<div class=\"elementor-column elementor-col-50 elementor-top-column elementor-element elementor-element-dc444e7\" data-id=\"dc444e7\" data-element_type=\"column\" data-e-type=\"column\">\n\t\t\t<div class=\"elementor-widget-wrap elementor-element-populated\">\n\t\t\t\t\t\t<div class=\"elementor-element elementor-element-87094e4 elementor-widget elementor-widget-text-editor\" data-id=\"87094e4\" data-element_type=\"widget\" data-e-type=\"widget\" data-widget_type=\"text-editor.default\">\n\t\t\t\t<div class=\"elementor-widget-container\">\n\t\t\t\t\t\t\t\t\t<h6><span style=\"color: #993300;\"><strong>Baland\u017eio\u00a0 m\u0117n.<\/strong><\/span><\/h6><h6>04.10 20.30 val. \u0160iauliai, muzikinis klubas &#8211; smukl\u0117 &#8222;Juon\u0117 pastuog\u0117&#8221;<\/h6><h6>04.19 18.00 val. Pasvalys, kocertas priva\u010diame vakar\u0117lyje<\/h6>\t\t\t\t\t\t\t\t<\/div>\n\t\t\t\t<\/div>\n\t\t\t\t\t<\/div>\n\t\t<\/div>\n\t\t\t\t<div class=\"elementor-column elementor-col-25 elementor-top-column elementor-element elementor-element-39d68ac\" data-id=\"39d68ac\" data-element_type=\"column\" data-e-type=\"column\">\n\t\t\t<div class=\"elementor-widget-wrap\">\n\t\t\t\t\t\t\t<\/div>\n\t\t<\/div>\n\t\t\t\t\t<\/div>\n\t\t<\/section>\n\t\t\t\t<section class=\"elementor-section elementor-top-section elementor-element elementor-element-48f340e elementor-section-boxed elementor-section-height-default elementor-section-height-default\" data-id=\"48f340e\" data-element_type=\"section\" data-e-type=\"section\">\n\t\t\t\t\t\t<div class=\"elementor-container elementor-column-gap-default\">\n\t\t\t\t\t<div class=\"elementor-column elementor-col-25 elementor-top-column elementor-element elementor-element-69553ad\" data-id=\"69553ad\" data-element_type=\"column\" data-e-type=\"column\">\n\t\t\t<div class=\"elementor-widget-wrap\">\n\t\t\t\t\t\t\t<\/div>\n\t\t<\/div>\n\t\t\t\t<div class=\"elementor-column elementor-col-50 elementor-top-column elementor-element elementor-element-61b42d8\" data-id=\"61b42d8\" data-element_type=\"column\" data-e-type=\"column\">\n\t\t\t<div class=\"elementor-widget-wrap elementor-element-populated\">\n\t\t\t\t\t\t<div class=\"elementor-element elementor-element-dd2dd6b elementor-widget elementor-widget-text-editor\" data-id=\"dd2dd6b\" data-element_type=\"widget\" data-e-type=\"widget\" data-widget_type=\"text-editor.default\">\n\t\t\t\t<div class=\"elementor-widget-container\">\n\t\t\t\t\t\t\t\t\t<h6><span style=\"color: #993300;\"><strong>Gegu\u017e\u0117s\u00a0 m\u0117n.<\/strong><\/span><\/h6><h6>05.23 20.00 val. \u0160iauliai, muzikinio klubo &#8211; smukl\u0117s &#8222;Juon\u0117 pastuog\u0117&#8221; kiemelis<\/h6>\t\t\t\t\t\t\t\t<\/div>\n\t\t\t\t<\/div>\n\t\t\t\t\t<\/div>\n\t\t<\/div>\n\t\t\t\t<div class=\"elementor-column elementor-col-25 elementor-top-column elementor-element elementor-element-489d901\" data-id=\"489d901\" data-element_type=\"column\" data-e-type=\"column\">\n\t\t\t<div class=\"elementor-widget-wrap\">\n\t\t\t\t\t\t\t<\/div>\n\t\t<\/div>\n\t\t\t\t\t<\/div>\n\t\t<\/section>\n\t\t\t\t<section class=\"elementor-section elementor-top-section elementor-element elementor-element-61ca767 elementor-section-boxed elementor-section-height-default elementor-section-height-default\" data-id=\"61ca767\" data-element_type=\"section\" data-e-type=\"section\">\n\t\t\t\t\t\t<div class=\"elementor-container elementor-column-gap-default\">\n\t\t\t\t\t<div class=\"elementor-column elementor-col-25 elementor-top-column elementor-element elementor-element-7b57f82\" data-id=\"7b57f82\" data-element_type=\"column\" data-e-type=\"column\">\n\t\t\t<div class=\"elementor-widget-wrap\">\n\t\t\t\t\t\t\t<\/div>\n\t\t<\/div>\n\t\t\t\t<div class=\"elementor-column elementor-col-50 elementor-top-column elementor-element elementor-element-74bdfed\" data-id=\"74bdfed\" data-element_type=\"column\" data-e-type=\"column\">\n\t\t\t<div class=\"elementor-widget-wrap elementor-element-populated\">\n\t\t\t\t\t\t<div class=\"elementor-element elementor-element-e2f30bd elementor-widget elementor-widget-text-editor\" data-id=\"e2f30bd\" data-element_type=\"widget\" data-e-type=\"widget\" data-widget_type=\"text-editor.default\">\n\t\t\t\t<div class=\"elementor-widget-container\">\n\t\t\t\t\t\t\t\t\t<h6><span style=\"color: #993300;\"><strong>Bir\u017eelio\u00a0 m\u0117n.<\/strong><\/span><\/h6><h6>06.06 Mol\u0117t\u0173 e\u017eer\u0173 \u017evejybos muziejus. Koncertas vakar\u0117lyje<\/h6><h6>06.11 19.00 val. Skuodo bibliotekinink\u0173 s\u0105skrydis<\/h6><h6>06.12 18.00 val. Alytus, koncertas miesto dienose<\/h6><h6>06.13 18.00 val. Jonaiti\u0161ki\u0173 dvaras, \u016bkinink\u0173 s\u0105skrydis<\/h6><h6>06.20 19.30 val. Jonin\u0117s Pakir\u0161inyje, Radvili\u0161kio rajonas<\/h6><h6>\u00a0 \u00a0 \u00a0 \u00a0 \u00a0 \u00a022.00 val. Jonin\u0117s ir bendruomen\u0117s Jubiliejus Sauginiuose, \u0160iauli\u0173 r.<\/h6><h6>06.23 21.00 val. Jonin\u0117s Traki\u0161k\u0117se, Panev\u0117\u017eio rajonas<\/h6><h6>06.24 18.00 val. Jonin\u0117s \u0160ventojoje<\/h6><h6>06.26 17.00 val. Klaip\u0117da, koncertas renginyje &#8222;Jon\u0173 kiemas&#8221;\u00a0 KC \u017dvej\u0173 r\u016bm\u0173 bendruomen\u0117s namai\u00a0\u00a0<\/h6>\t\t\t\t\t\t\t\t<\/div>\n\t\t\t\t<\/div>\n\t\t\t\t\t<\/div>\n\t\t<\/div>\n\t\t\t\t<div class=\"elementor-column elementor-col-25 elementor-top-column elementor-element elementor-element-9c956e1\" data-id=\"9c956e1\" data-element_type=\"column\" data-e-type=\"column\">\n\t\t\t<div class=\"elementor-widget-wrap\">\n\t\t\t\t\t\t\t<\/div>\n\t\t<\/div>\n\t\t\t\t\t<\/div>\n\t\t<\/section>\n\t\t\t\t<section class=\"elementor-section elementor-top-section elementor-element elementor-element-bcdc114 elementor-section-boxed elementor-section-height-default elementor-section-height-default\" data-id=\"bcdc114\" data-element_type=\"section\" data-e-type=\"section\">\n\t\t\t\t\t\t<div class=\"elementor-container elementor-column-gap-default\">\n\t\t\t\t\t<div class=\"elementor-column elementor-col-25 elementor-top-column elementor-element elementor-element-14de831\" data-id=\"14de831\" data-element_type=\"column\" data-e-type=\"column\">\n\t\t\t<div class=\"elementor-widget-wrap\">\n\t\t\t\t\t\t\t<\/div>\n\t\t<\/div>\n\t\t\t\t<div class=\"elementor-column elementor-col-50 elementor-top-column elementor-element elementor-element-c5264ad\" data-id=\"c5264ad\" data-element_type=\"column\" data-e-type=\"column\">\n\t\t\t<div class=\"elementor-widget-wrap elementor-element-populated\">\n\t\t\t\t\t\t<div class=\"elementor-element elementor-element-c41de02 elementor-widget elementor-widget-text-editor\" data-id=\"c41de02\" data-element_type=\"widget\" data-e-type=\"widget\" data-widget_type=\"text-editor.default\">\n\t\t\t\t<div class=\"elementor-widget-container\">\n\t\t\t\t\t\t\t\t\t<h6><span style=\"color: #993300;\"><strong>Liepos\u00a0 m\u0117n.<\/strong><\/span><\/h6><h6>07.18 19.00 val. Vilkiautinio kaimo bendruomen\u0117s \u0161vent\u0117, Var\u0117nos rajonas, koncertas<\/h6><h6>07.25\u00a0 19.00 val. Natki\u0161kiai, Pag\u0117gi\u0173 sav., koncertas kaimo bendruomenei<\/h6><h6>07.26 18.00 val. Pluti\u0161k\u0117s, koncertas bendruomen\u0117s \u0161vent\u0117je<\/h6>\t\t\t\t\t\t\t\t<\/div>\n\t\t\t\t<\/div>\n\t\t\t\t\t<\/div>\n\t\t<\/div>\n\t\t\t\t<div class=\"elementor-column elementor-col-25 elementor-top-column elementor-element elementor-element-536e0ca\" data-id=\"536e0ca\" data-element_type=\"column\" data-e-type=\"column\">\n\t\t\t<div class=\"elementor-widget-wrap\">\n\t\t\t\t\t\t\t<\/div>\n\t\t<\/div>\n\t\t\t\t\t<\/div>\n\t\t<\/section>\n\t\t\t\t<section class=\"elementor-section elementor-top-section elementor-element elementor-element-7a8e511 elementor-section-boxed elementor-section-height-default elementor-section-height-default\" data-id=\"7a8e511\" data-element_type=\"section\" data-e-type=\"section\">\n\t\t\t\t\t\t<div class=\"elementor-container elementor-column-gap-default\">\n\t\t\t\t\t<div class=\"elementor-column elementor-col-25 elementor-top-column elementor-element elementor-element-96a7c16\" data-id=\"96a7c16\" data-element_type=\"column\" data-e-type=\"column\">\n\t\t\t<div class=\"elementor-widget-wrap\">\n\t\t\t\t\t\t\t<\/div>\n\t\t<\/div>\n\t\t\t\t<div class=\"elementor-column elementor-col-50 elementor-top-column elementor-element elementor-element-3440afb\" data-id=\"3440afb\" data-element_type=\"column\" data-e-type=\"column\">\n\t\t\t<div class=\"elementor-widget-wrap elementor-element-populated\">\n\t\t\t\t\t\t<div class=\"elementor-element elementor-element-0ef1d4c elementor-widget elementor-widget-text-editor\" data-id=\"0ef1d4c\" data-element_type=\"widget\" data-e-type=\"widget\" data-widget_type=\"text-editor.default\">\n\t\t\t\t<div class=\"elementor-widget-container\">\n\t\t\t\t\t\t\t\t\t<h6><span style=\"color: #993300;\"><strong>Rugpj\u016b\u010dio\u00a0 m\u0117n.<\/strong><\/span><\/h6><h6>08.16 18.00 val. Pagramantis, \u017dolin\u0117s<\/h6><h6>08.21 19.00 val. Tarptautinis kantri muzikos festivalis <a href=\"https:\/\/visaginocountry.lt\/\">&#8222;Visagino Country&#8221;<\/a><\/h6><p><a href=\"https:\/\/visaginocountry.lt\/\"><img decoding=\"async\" class=\"aligncenter wp-image-2785\" src=\"https:\/\/jonis.lt\/ansamblis\/wp-content\/uploads\/2026\/04\/Visaginas-2026-300x235.jpg\" alt=\"\" width=\"234\" height=\"183\" srcset=\"https:\/\/jonis.lt\/ansamblis\/wp-content\/uploads\/2026\/04\/Visaginas-2026-300x235.jpg 300w, https:\/\/jonis.lt\/ansamblis\/wp-content\/uploads\/2026\/04\/Visaginas-2026-1024x801.jpg 1024w, https:\/\/jonis.lt\/ansamblis\/wp-content\/uploads\/2026\/04\/Visaginas-2026-768x600.jpg 768w, https:\/\/jonis.lt\/ansamblis\/wp-content\/uploads\/2026\/04\/Visaginas-2026-1536x1201.jpg 1536w, https:\/\/jonis.lt\/ansamblis\/wp-content\/uploads\/2026\/04\/Visaginas-2026-2048x1601.jpg 2048w\" sizes=\"(max-width: 234px) 100vw, 234px\" \/><\/a><\/p>\t\t\t\t\t\t\t\t<\/div>\n\t\t\t\t<\/div>\n\t\t\t\t\t<\/div>\n\t\t<\/div>\n\t\t\t\t<div class=\"elementor-column elementor-col-25 elementor-top-column elementor-element elementor-element-c0324a3\" data-id=\"c0324a3\" data-element_type=\"column\" data-e-type=\"column\">\n\t\t\t<div class=\"elementor-widget-wrap\">\n\t\t\t\t\t\t\t<\/div>\n\t\t<\/div>\n\t\t\t\t\t<\/div>\n\t\t<\/section>\n\t\t\t\t<\/div>\n\t\t","protected":false},"excerpt":{"rendered":"<p>Ansamblio JONIS 2026 met\u0173 koncert\u0173 grafikas Baland\u017eio\u00a0 m\u0117n. 04.10 20.30 val. \u0160iauliai, muzikinis klubas &#8211; smukl\u0117 &#8222;Juon\u0117 pastuog\u0117&#8221; 04.19 18.00 val. Pasvalys, kocertas priva\u010diame vakar\u0117lyje Gegu\u017e\u0117s\u00a0 m\u0117n. 05.23 20.00 val. \u0160iauliai, muzikinio klubo &#8211; smukl\u0117s &#8222;Juon\u0117 pastuog\u0117&#8221; kiemelis Bir\u017eelio\u00a0 m\u0117n. 06.06 Mol\u0117t\u0173 e\u017eer\u0173 \u017evejybos muziejus. Koncertas vakar\u0117lyje 06.11 19.00 val. Skuodo bibliotekinink\u0173 s\u0105skrydis 06.12 18.00 [&hellip;]<\/p>\n","protected":false},"author":1,"featured_media":0,"parent":0,"menu_order":0,"comment_status":"closed","ping_status":"closed","template":"elementor_header_footer","meta":{"_eb_attr":"","site-sidebar-layout":"no-sidebar","site-content-layout":"page-builder","ast-site-content-layout":"","site-content-style":"default","site-sidebar-style":"default","ast-global-header-display":"","ast-banner-title-visibility":"","ast-main-header-display":"","ast-hfb-above-header-display":"","ast-hfb-below-header-display":"","ast-hfb-mobile-header-display":"","site-post-title":"disabled","ast-breadcrumbs-content":"","ast-featured-img":"disabled","footer-sml-layout":"","theme-transparent-header-meta":"","adv-header-id-meta":"","stick-header-meta":"","header-above-stick-meta":"","header-main-stick-meta":"","header-below-stick-meta":"","astra-migrate-meta-layouts":"default","ast-page-background-enabled":"default","ast-page-background-meta":{"desktop":{"background-color":"var(--ast-global-color-4)","background-image":"","background-repeat":"repeat","background-position":"center center","background-size":"auto","background-attachment":"scroll","background-type":"","background-media":"","overlay-type":"","overlay-color":"","overlay-opacity":"","overlay-gradient":""},"tablet":{"background-color":"","background-image":"","background-repeat":"repeat","background-position":"center center","background-size":"auto","background-attachment":"scroll","background-type":"","background-media":"","overlay-type":"","overlay-color":"","overlay-opacity":"","overlay-gradient":""},"mobile":{"background-color":"","background-image":"","background-repeat":"repeat","background-position":"center center","background-size":"auto","background-attachment":"scroll","background-type":"","background-media":"","overlay-type":"","overlay-color":"","overlay-opacity":"","overlay-gradient":""}},"ast-content-background-meta":{"desktop":{"background-color":"var(--ast-global-color-5)","background-image":"","background-repeat":"repeat","background-position":"center center","background-size":"auto","background-attachment":"scroll","background-type":"","background-media":"","overlay-type":"","overlay-color":"","overlay-opacity":"","overlay-gradient":""},"tablet":{"background-color":"var(--ast-global-color-5)","background-image":"","background-repeat":"repeat","background-position":"center center","background-size":"auto","background-attachment":"scroll","background-type":"","background-media":"","overlay-type":"","overlay-color":"","overlay-opacity":"","overlay-gradient":""},"mobile":{"background-color":"var(--ast-global-color-5)","background-image":"","background-repeat":"repeat","background-position":"center center","background-size":"auto","background-attachment":"scroll","background-type":"","background-media":"","overlay-type":"","overlay-color":"","overlay-opacity":"","overlay-gradient":""}},"footnotes":""},"class_list":["post-107","page","type-page","status-publish","hentry"],"_links":{"self":[{"href":"https:\/\/jonis.lt\/ansamblis\/wp-json\/wp\/v2\/pages\/107","targetHints":{"allow":["GET"]}}],"collection":[{"href":"https:\/\/jonis.lt\/ansamblis\/wp-json\/wp\/v2\/pages"}],"about":[{"href":"https:\/\/jonis.lt\/ansamblis\/wp-json\/wp\/v2\/types\/page"}],"author":[{"embeddable":true,"href":"https:\/\/jonis.lt\/ansamblis\/wp-json\/wp\/v2\/users\/1"}],"replies":[{"embeddable":true,"href":"https:\/\/jonis.lt\/ansamblis\/wp-json\/wp\/v2\/comments?post=107"}],"version-history":[{"count":497,"href":"https:\/\/jonis.lt\/ansamblis\/wp-json\/wp\/v2\/pages\/107\/revisions"}],"predecessor-version":[{"id":2794,"href":"https:\/\/jonis.lt\/ansamblis\/wp-json\/wp\/v2\/pages\/107\/revisions\/2794"}],"wp:attachment":[{"href":"https:\/\/jonis.lt\/ansamblis\/wp-json\/wp\/v2\/media?parent=107"}],"curies":[{"name":"wp","href":"https:\/\/api.w.org\/{rel}","templated":true}]}}