{"id":232,"date":"2022-01-11T12:51:55","date_gmt":"2022-01-11T12:51:55","guid":{"rendered":"https:\/\/jonis.lt\/antrubeziaus\/?page_id=232"},"modified":"2024-02-12T06:54:31","modified_gmt":"2024-02-12T06:54:31","slug":"tvarkos-aprasas","status":"publish","type":"page","link":"https:\/\/jonis.lt\/antrubeziaus\/muge\/tvarkos-aprasas\/","title":{"rendered":"Tvarkos aprasas"},"content":{"rendered":"\t\t<div data-elementor-type=\"wp-page\" data-elementor-id=\"232\" class=\"elementor elementor-232\" data-elementor-post-type=\"page\">\n\t\t\t\t\t\t<section class=\"elementor-section elementor-top-section elementor-element elementor-element-f80ed53 elementor-section-boxed elementor-section-height-default elementor-section-height-default\" data-id=\"f80ed53\" data-element_type=\"section\" data-e-type=\"section\">\n\t\t\t\t\t\t<div class=\"elementor-container elementor-column-gap-default\">\n\t\t\t\t\t<div class=\"elementor-column elementor-col-100 elementor-top-column elementor-element elementor-element-f48a3b1\" data-id=\"f48a3b1\" data-element_type=\"column\" data-e-type=\"column\">\n\t\t\t<div class=\"elementor-widget-wrap elementor-element-populated\">\n\t\t\t\t\t\t<div class=\"elementor-element elementor-element-42cc031 elementor-arrows-position-inside elementor-pagination-position-outside elementor-widget elementor-widget-image-carousel\" data-id=\"42cc031\" data-element_type=\"widget\" data-e-type=\"widget\" data-settings=\"{&quot;slides_to_show&quot;:&quot;3&quot;,&quot;navigation&quot;:&quot;both&quot;,&quot;autoplay&quot;:&quot;yes&quot;,&quot;pause_on_hover&quot;:&quot;yes&quot;,&quot;pause_on_interaction&quot;:&quot;yes&quot;,&quot;autoplay_speed&quot;:5000,&quot;infinite&quot;:&quot;yes&quot;,&quot;speed&quot;:500}\" data-widget_type=\"image-carousel.default\">\n\t\t\t\t<div class=\"elementor-widget-container\">\n\t\t\t\t\t\t\t<div class=\"elementor-image-carousel-wrapper swiper\" role=\"region\" aria-roledescription=\"carousel\" aria-label=\"Image Carousel\" dir=\"ltr\">\n\t\t\t<div class=\"elementor-image-carousel swiper-wrapper\" aria-live=\"off\">\n\t\t\t\t\t\t\t\t<div class=\"swiper-slide\" role=\"group\" aria-roledescription=\"slide\" aria-label=\"1 of 10\"><figure class=\"swiper-slide-inner\"><img decoding=\"async\" class=\"swiper-slide-image\" src=\"https:\/\/jonis.lt\/antrubeziaus\/wp-content\/uploads\/2022\/01\/Ant-rubeziaus-muge-1-1-300x219.jpg\" alt=\"Ant rubeziaus muge (1)\" \/><\/figure><\/div><div class=\"swiper-slide\" role=\"group\" aria-roledescription=\"slide\" aria-label=\"2 of 10\"><figure class=\"swiper-slide-inner\"><img decoding=\"async\" class=\"swiper-slide-image\" src=\"https:\/\/jonis.lt\/antrubeziaus\/wp-content\/uploads\/2022\/01\/Ant-rubeziaus-muge-2-1-300x232.jpg\" alt=\"Ant rubeziaus muge (2)\" \/><\/figure><\/div><div class=\"swiper-slide\" role=\"group\" aria-roledescription=\"slide\" aria-label=\"3 of 10\"><figure class=\"swiper-slide-inner\"><img decoding=\"async\" class=\"swiper-slide-image\" src=\"https:\/\/jonis.lt\/antrubeziaus\/wp-content\/uploads\/2022\/01\/Ant-rubeziaus-muge-3-1-300x234.jpg\" alt=\"Ant rubeziaus muge (3)\" \/><\/figure><\/div><div class=\"swiper-slide\" role=\"group\" aria-roledescription=\"slide\" aria-label=\"4 of 10\"><figure class=\"swiper-slide-inner\"><img decoding=\"async\" class=\"swiper-slide-image\" src=\"https:\/\/jonis.lt\/antrubeziaus\/wp-content\/uploads\/2022\/01\/Ant-rubeziaus-muge-4-1-300x240.jpg\" alt=\"Ant rubeziaus muge (4)\" \/><\/figure><\/div><div class=\"swiper-slide\" role=\"group\" aria-roledescription=\"slide\" aria-label=\"5 of 10\"><figure class=\"swiper-slide-inner\"><img decoding=\"async\" class=\"swiper-slide-image\" src=\"https:\/\/jonis.lt\/antrubeziaus\/wp-content\/uploads\/2022\/01\/Ant-rubeziaus-muge-5-1-300x209.jpg\" alt=\"Ant rubeziaus muge (5)\" \/><\/figure><\/div><div class=\"swiper-slide\" role=\"group\" aria-roledescription=\"slide\" aria-label=\"6 of 10\"><figure class=\"swiper-slide-inner\"><img decoding=\"async\" class=\"swiper-slide-image\" src=\"https:\/\/jonis.lt\/antrubeziaus\/wp-content\/uploads\/2022\/01\/Ant-rubeziaus-muge-6-1-300x214.jpg\" alt=\"Ant rubeziaus muge (6)\" \/><\/figure><\/div><div class=\"swiper-slide\" role=\"group\" aria-roledescription=\"slide\" aria-label=\"7 of 10\"><figure class=\"swiper-slide-inner\"><img decoding=\"async\" class=\"swiper-slide-image\" src=\"https:\/\/jonis.lt\/antrubeziaus\/wp-content\/uploads\/2022\/01\/Ant-rubeziaus-muge-7-1-300x224.jpg\" alt=\"Ant rubeziaus muge (7)\" \/><\/figure><\/div><div class=\"swiper-slide\" role=\"group\" aria-roledescription=\"slide\" aria-label=\"8 of 10\"><figure class=\"swiper-slide-inner\"><img decoding=\"async\" class=\"swiper-slide-image\" src=\"https:\/\/jonis.lt\/antrubeziaus\/wp-content\/uploads\/2022\/01\/Ant-rubeziaus-muge-8-1-300x207.jpg\" alt=\"Ant rubeziaus muge (8)\" \/><\/figure><\/div><div class=\"swiper-slide\" role=\"group\" aria-roledescription=\"slide\" aria-label=\"9 of 10\"><figure class=\"swiper-slide-inner\"><img decoding=\"async\" class=\"swiper-slide-image\" src=\"https:\/\/jonis.lt\/antrubeziaus\/wp-content\/uploads\/2022\/01\/Ant-rubeziaus-muge-9-1-300x206.jpg\" alt=\"Ant rubeziaus muge (9)\" \/><\/figure><\/div><div class=\"swiper-slide\" role=\"group\" aria-roledescription=\"slide\" aria-label=\"10 of 10\"><figure class=\"swiper-slide-inner\"><img decoding=\"async\" class=\"swiper-slide-image\" src=\"https:\/\/jonis.lt\/antrubeziaus\/wp-content\/uploads\/2022\/01\/Ant-rubeziaus-muge-10-1-300x206.jpg\" alt=\"Ant rubeziaus muge (10)\" \/><\/figure><\/div>\t\t\t<\/div>\n\t\t\t\t\t\t\t\t\t\t\t\t<div class=\"elementor-swiper-button elementor-swiper-button-prev\" role=\"button\" tabindex=\"0\">\n\t\t\t\t\t\t<i aria-hidden=\"true\" class=\"eicon-chevron-left\"><\/i>\t\t\t\t\t<\/div>\n\t\t\t\t\t<div class=\"elementor-swiper-button elementor-swiper-button-next\" role=\"button\" tabindex=\"0\">\n\t\t\t\t\t\t<i aria-hidden=\"true\" class=\"eicon-chevron-right\"><\/i>\t\t\t\t\t<\/div>\n\t\t\t\t\n\t\t\t\t\t\t\t\t\t<div class=\"swiper-pagination\"><\/div>\n\t\t\t\t\t\t\t\t\t<\/div>\n\t\t\t\t\t\t<\/div>\n\t\t\t\t<\/div>\n\t\t\t\t\t<\/div>\n\t\t<\/div>\n\t\t\t\t\t<\/div>\n\t\t<\/section>\n\t\t\t\t<section class=\"elementor-section elementor-top-section elementor-element elementor-element-66999ad elementor-section-boxed elementor-section-height-default elementor-section-height-default\" data-id=\"66999ad\" data-element_type=\"section\" data-e-type=\"section\">\n\t\t\t\t\t\t<div class=\"elementor-container elementor-column-gap-default\">\n\t\t\t\t\t<div class=\"elementor-column elementor-col-100 elementor-top-column elementor-element elementor-element-226de16\" data-id=\"226de16\" data-element_type=\"column\" data-e-type=\"column\">\n\t\t\t<div class=\"elementor-widget-wrap elementor-element-populated\">\n\t\t\t\t\t\t<div class=\"elementor-element elementor-element-5b67058 elementor-widget elementor-widget-text-editor\" data-id=\"5b67058\" data-element_type=\"widget\" data-e-type=\"widget\" data-widget_type=\"text-editor.default\">\n\t\t\t\t<div class=\"elementor-widget-container\">\n\t\t\t\t\t\t\t\t\t<h5 style=\"text-align: center;\"><span style=\"color: #993300;\"><strong>Festivalio &#8222;Ant rube\u017eiaus2024&#8221; tautodail\u0117s ir amat\u0173 mug\u0117<\/strong><\/span><\/h5><h6 style=\"text-align: center;\"><strong>Laikas:<\/strong> 2024 m. gegu\u017e\u0117s 30-31 ir bir\u017eelio 1 dienomis<\/h6><h6 style=\"text-align: center;\"><strong>Vieta:<\/strong> \u0160iauliai,\u00a0 P\u0117s\u010di\u0173j\u0173 bulvaras (Vilniaus g.) Lietuva. <strong>Mug\u0117s dalyvi\u0173 registracija prasid\u0117s baland\u017eio 8 d. ir vyks iki gegu\u017e\u0117s 10 d.<\/strong><\/h6><h6>\u00a0<\/h6><h6 style=\"text-align: center;\"><span style=\"color: #993300;\">Tvarkos apra\u0161as ruo\u0161iamas&#8230;<\/span><\/h6>\t\t\t\t\t\t\t\t<\/div>\n\t\t\t\t<\/div>\n\t\t\t\t\t<\/div>\n\t\t<\/div>\n\t\t\t\t\t<\/div>\n\t\t<\/section>\n\t\t\t\t<section class=\"elementor-section elementor-top-section elementor-element elementor-element-e199465 elementor-section-boxed elementor-section-height-default elementor-section-height-default\" data-id=\"e199465\" data-element_type=\"section\" data-e-type=\"section\">\n\t\t\t\t\t\t<div class=\"elementor-container elementor-column-gap-default\">\n\t\t\t\t\t<div class=\"elementor-column elementor-col-100 elementor-top-column elementor-element elementor-element-294c5cf\" data-id=\"294c5cf\" data-element_type=\"column\" data-e-type=\"column\">\n\t\t\t<div class=\"elementor-widget-wrap elementor-element-populated\">\n\t\t\t\t\t\t\t<\/div>\n\t\t<\/div>\n\t\t\t\t\t<\/div>\n\t\t<\/section>\n\t\t\t\t<\/div>\n\t\t","protected":false},"excerpt":{"rendered":"<p>Festivalio &#8222;Ant rube\u017eiaus2024&#8221; tautodail\u0117s ir amat\u0173 mug\u0117 Laikas: 2024 m. gegu\u017e\u0117s 30-31 ir bir\u017eelio 1 dienomis Vieta: \u0160iauliai,\u00a0 P\u0117s\u010di\u0173j\u0173 bulvaras (Vilniaus g.) Lietuva. Mug\u0117s dalyvi\u0173 registracija prasid\u0117s baland\u017eio 8 d. ir vyks iki gegu\u017e\u0117s 10 d. \u00a0 Tvarkos apra\u0161as ruo\u0161iamas&#8230;<\/p>\n","protected":false},"author":2,"featured_media":0,"parent":42,"menu_order":0,"comment_status":"closed","ping_status":"closed","template":"","meta":{"site-sidebar-layout":"no-sidebar","site-content-layout":"page-builder","ast-site-content-layout":"","site-content-style":"default","site-sidebar-style":"default","ast-global-header-display":"","ast-banner-title-visibility":"","ast-main-header-display":"","ast-hfb-above-header-display":"","ast-hfb-below-header-display":"","ast-hfb-mobile-header-display":"","site-post-title":"disabled","ast-breadcrumbs-content":"","ast-featured-img":"disabled","footer-sml-layout":"","theme-transparent-header-meta":"","adv-header-id-meta":"","stick-header-meta":"","header-above-stick-meta":"","header-main-stick-meta":"","header-below-stick-meta":"","astra-migrate-meta-layouts":"default","ast-page-background-enabled":"default","ast-page-background-meta":{"desktop":{"background-color":"var(--ast-global-color-4)","background-image":"","background-repeat":"repeat","background-position":"center center","background-size":"auto","background-attachment":"scroll","background-type":"","background-media":"","overlay-type":"","overlay-color":"","overlay-opacity":"","overlay-gradient":""},"tablet":{"background-color":"","background-image":"","background-repeat":"repeat","background-position":"center center","background-size":"auto","background-attachment":"scroll","background-type":"","background-media":"","overlay-type":"","overlay-color":"","overlay-opacity":"","overlay-gradient":""},"mobile":{"background-color":"","background-image":"","background-repeat":"repeat","background-position":"center center","background-size":"auto","background-attachment":"scroll","background-type":"","background-media":"","overlay-type":"","overlay-color":"","overlay-opacity":"","overlay-gradient":""}},"ast-content-background-meta":{"desktop":{"background-color":"var(--ast-global-color-5)","background-image":"","background-repeat":"repeat","background-position":"center center","background-size":"auto","background-attachment":"scroll","background-type":"","background-media":"","overlay-type":"","overlay-color":"","overlay-opacity":"","overlay-gradient":""},"tablet":{"background-color":"var(--ast-global-color-5)","background-image":"","background-repeat":"repeat","background-position":"center center","background-size":"auto","background-attachment":"scroll","background-type":"","background-media":"","overlay-type":"","overlay-color":"","overlay-opacity":"","overlay-gradient":""},"mobile":{"background-color":"var(--ast-global-color-5)","background-image":"","background-repeat":"repeat","background-position":"center center","background-size":"auto","background-attachment":"scroll","background-type":"","background-media":"","overlay-type":"","overlay-color":"","overlay-opacity":"","overlay-gradient":""}},"footnotes":""},"class_list":["post-232","page","type-page","status-publish","hentry"],"_links":{"self":[{"href":"https:\/\/jonis.lt\/antrubeziaus\/wp-json\/wp\/v2\/pages\/232","targetHints":{"allow":["GET"]}}],"collection":[{"href":"https:\/\/jonis.lt\/antrubeziaus\/wp-json\/wp\/v2\/pages"}],"about":[{"href":"https:\/\/jonis.lt\/antrubeziaus\/wp-json\/wp\/v2\/types\/page"}],"author":[{"embeddable":true,"href":"https:\/\/jonis.lt\/antrubeziaus\/wp-json\/wp\/v2\/users\/2"}],"replies":[{"embeddable":true,"href":"https:\/\/jonis.lt\/antrubeziaus\/wp-json\/wp\/v2\/comments?post=232"}],"version-history":[{"count":47,"href":"https:\/\/jonis.lt\/antrubeziaus\/wp-json\/wp\/v2\/pages\/232\/revisions"}],"predecessor-version":[{"id":3324,"href":"https:\/\/jonis.lt\/antrubeziaus\/wp-json\/wp\/v2\/pages\/232\/revisions\/3324"}],"up":[{"embeddable":true,"href":"https:\/\/jonis.lt\/antrubeziaus\/wp-json\/wp\/v2\/pages\/42"}],"wp:attachment":[{"href":"https:\/\/jonis.lt\/antrubeziaus\/wp-json\/wp\/v2\/media?parent=232"}],"curies":[{"name":"wp","href":"https:\/\/api.w.org\/{rel}","templated":true}]}}