{"id":30,"date":"2022-02-02T11:41:28","date_gmt":"2022-02-02T11:41:28","guid":{"rendered":"https:\/\/jonis.lt\/antrubeziaus\/?page_id=30"},"modified":"2026-03-01T05:10:45","modified_gmt":"2026-03-01T05:10:45","slug":"fetivalis-ant-rubeziaus","status":"publish","type":"page","link":"https:\/\/jonis.lt\/antrubeziaus\/","title":{"rendered":"Festivalis ANT RUBE\u017dIAUS"},"content":{"rendered":"\t\t<div data-elementor-type=\"wp-page\" data-elementor-id=\"30\" class=\"elementor elementor-30\" data-elementor-post-type=\"page\">\n\t\t\t\t\t\t<section class=\"elementor-section elementor-top-section elementor-element elementor-element-bd7b9db elementor-section-boxed elementor-section-height-default elementor-section-height-default\" data-id=\"bd7b9db\" data-element_type=\"section\" data-e-type=\"section\">\n\t\t\t\t\t\t<div class=\"elementor-container elementor-column-gap-default\">\n\t\t\t\t\t<div class=\"elementor-column elementor-col-100 elementor-top-column elementor-element elementor-element-5fd4dee\" data-id=\"5fd4dee\" data-element_type=\"column\" data-e-type=\"column\">\n\t\t\t<div class=\"elementor-widget-wrap elementor-element-populated\">\n\t\t\t\t\t\t<div class=\"elementor-element elementor-element-0f4257a elementor-widget elementor-widget-text-editor\" data-id=\"0f4257a\" data-element_type=\"widget\" data-e-type=\"widget\" data-widget_type=\"text-editor.default\">\n\t\t\t\t<div class=\"elementor-widget-container\">\n\t\t\t\t\t\t\t\t\t<h6><a href=\"https:\/\/jonis.lt\/antrubeziaus\/ant-rubeziaus-2026-2\/\"><span style=\"color: #993300;\"><strong>XXV Jubiliejinis Lietuvos, Latvijos ir Estijos kaimo muzikant\u0173 ir kapelij\u0173 festivalis \u201eAnt rube\u017eiaus\u201d, tautodail\u0117s ir amat\u0173 mug\u0117 P\u0117s\u010di\u0173j\u0173 bulvare (Vilniaus g.). <\/strong><\/span><\/a><\/h6><h6>\u00a0<\/h6><h6><strong>Laikas:<\/strong> 2026 m. gegu\u017e\u0117s 28-30 dienomis.\u00a0 <strong>Vieta:<\/strong> \u0160iauliai, Lietuva. Prisik\u0117limo aik\u0161t\u0117 &#8211; Au\u0161ros al\u0117jos ir Til\u017e\u0117s g. sankirta (pagrindin\u0117 scena), P\u0117s\u010di\u0173j\u0173 bulvaras &#8211; Vilniaus g. (Tautodail\u0117s ir amat\u0173 mug\u0117), muzikinio klubo \u201eJuon\u0117 pastuog\u0117\u201d vasaros kiemas &#8211; Au\u0161ros al. 31A (festivalio \u0161tabas, armonikinink\u0173 ir bandoninink\u0173 maratonas gegu\u017e\u0117s 30 d.). <span style=\"color: #993300;\">Informacija ruo\u0161iama ir nuolat pildoma&#8230;<\/span><\/h6>\t\t\t\t\t\t\t\t<\/div>\n\t\t\t\t<\/div>\n\t\t\t\t\t<\/div>\n\t\t<\/div>\n\t\t\t\t\t<\/div>\n\t\t<\/section>\n\t\t\t\t<section class=\"elementor-section elementor-top-section elementor-element elementor-element-4958775 elementor-section-boxed elementor-section-height-default elementor-section-height-default\" data-id=\"4958775\" data-element_type=\"section\" data-e-type=\"section\">\n\t\t\t\t\t\t<div class=\"elementor-container elementor-column-gap-default\">\n\t\t\t\t\t<div class=\"elementor-column elementor-col-100 elementor-top-column elementor-element elementor-element-3d71c6e\" data-id=\"3d71c6e\" data-element_type=\"column\" data-e-type=\"column\">\n\t\t\t<div class=\"elementor-widget-wrap elementor-element-populated\">\n\t\t\t\t\t\t<div class=\"elementor-element elementor-element-69c102c elementor-widget elementor-widget-text-editor\" data-id=\"69c102c\" data-element_type=\"widget\" data-e-type=\"widget\" data-widget_type=\"text-editor.default\">\n\t\t\t\t<div class=\"elementor-widget-container\">\n\t\t\t\t\t\t\t\t\t<h5 style=\"text-align: center;\"><strong>Lietuvos, Latvijos ir Estijos kaimo muzikant\u0173 ir kapelij\u0173 festivalis ANT RUBE\u017dIAUS<\/strong><\/h5><h6>\u00a0<\/h6><h6>Tai vienas did\u017eiausi\u0173 liaudi\u0161kos muzikos festivali\u0173 \u0160iaur\u0117s Lietuvoje, kuris vyksta nuo 1995 met\u0173. Pirmas festivalis \u012fvyko klubo \u201cJuon\u0117 pastuog\u0117\u201d vasaros kiemelyje ir su kiekvienais metais vis labiau populiar\u0117jo ir pl\u0117t\u0117si. Nuo 2015 met\u0173 prie Lietuvos liaudi\u0161kos muzikos atlik\u0117j\u0173 prisijung\u0117 kaimynai latviai, o po met\u0173 ir muzikantai i\u0161 Estijos. Festivalio organizatorius asociacija \u201cAnt rube\u017eiaus\u201d aktyviai bendradarbiauja su \u0161i\u0173 \u0161ali\u0173 liaudi\u0161kos muzikos atlik\u0117jais. Paskutiniais metais \u0161is festivalis labai i\u0161populiar\u0117jo ir yra gerai \u017einomas ne tik liaudies muzikantams, tautodailininkams, bet taip pat m\u0117gstamas \u0160iaulie\u010di\u0173 bei miesto sve\u010di\u0173. \u012e festival\u012f suva\u017eiuoja originalios kapelijos ir stilizuotos kapelos i\u0161 vis\u0173 Lietuvos region\u0173, o taip pat pavieniai kaimo muzikantai, kurie grodami armonikomis, koncertinkomis, bandonojomis ar kitais liaudies instrumentais d\u017eiugina klausytoj\u0173 \u0161irdis. Nuo ryto iki vakaro miesto P\u0117s\u010di\u0173j\u0173 bulvare \u0161urmuliuoja tautodailinink\u0173, amatinink\u0173 ir kulinarinio paveldo kermo\u0161ius. Lietuvos nacionalin\u0117 televizija ne kart\u0105 yra filmavusi \u0161io festivalio koncertus ir parod\u017eiusi muzikinius filmus, o \u0160iauli\u0173 regionin\u0117 televizija \u201eS-plius\u201c kelet\u0105 met\u0173 nuolat rod\u0117 \u0161io festivalio koncertus tiesioginiame eteryje. Festivalio sumanytojai kiekvienais metais sugalvoja k\u0105 nors naujo ir originalaus. Yra u\u017efiksuota net keletas festivalio rekord\u0173\u2026<\/h6><h6>Festivalio ved\u0117jai nepalieka be dovan\u0173 ir priz\u0173 n\u0117 vieno kaimo muzikanto ar smagiausiai \u0161okan\u010dio. Originaliausiai pasirod\u017eiusios kapelijos, stilizuotos kapelos ir pavieniai kaimo muzikantai \u0161vent\u0117s pabaigoje yra apdovanojami organizatori\u0173 \u012fsteigtomis nominacijomis &#8211; prizais. Vienais metais tai buvo molin\u0117s puodyn\u0117s ar medin\u0117s statinait\u0117s, o \u0161\u012fmet tautodailininkas Rimantas Paunksnis sukur\u0117 \u201eMuzikant\u0173 angelo\u201c statul\u0117l\u0119. Festivalio dienai pasibaigus visi dalyviai ir sve\u010diai linksminasi klubo \u201eJuon\u0117 pastuog\u0117\u201c vasaros kiemelyje, kur dainos ir smagi liaudi\u0161ka muzika netyla iki pat pary\u010di\u0173&#8230;<\/h6>\t\t\t\t\t\t\t\t<\/div>\n\t\t\t\t<\/div>\n\t\t\t\t\t<\/div>\n\t\t<\/div>\n\t\t\t\t\t<\/div>\n\t\t<\/section>\n\t\t\t\t<section class=\"elementor-section elementor-top-section elementor-element elementor-element-58fe9be elementor-section-boxed elementor-section-height-default elementor-section-height-default\" data-id=\"58fe9be\" data-element_type=\"section\" data-e-type=\"section\">\n\t\t\t\t\t\t<div class=\"elementor-container elementor-column-gap-default\">\n\t\t\t\t\t<div class=\"elementor-column elementor-col-100 elementor-top-column elementor-element elementor-element-1bd9c54\" data-id=\"1bd9c54\" data-element_type=\"column\" data-e-type=\"column\">\n\t\t\t<div class=\"elementor-widget-wrap elementor-element-populated\">\n\t\t\t\t\t\t<div class=\"elementor-element elementor-element-fcace4e elementor-skin-carousel elementor-arrows-yes elementor-pagination-type-bullets elementor-pagination-position-outside elementor-widget elementor-widget-media-carousel\" data-id=\"fcace4e\" data-element_type=\"widget\" data-e-type=\"widget\" data-settings=\"{&quot;skin&quot;:&quot;carousel&quot;,&quot;effect&quot;:&quot;slide&quot;,&quot;show_arrows&quot;:&quot;yes&quot;,&quot;pagination&quot;:&quot;bullets&quot;,&quot;speed&quot;:500,&quot;autoplay&quot;:&quot;yes&quot;,&quot;autoplay_speed&quot;:5000,&quot;loop&quot;:&quot;yes&quot;,&quot;pause_on_hover&quot;:&quot;yes&quot;,&quot;pause_on_interaction&quot;:&quot;yes&quot;,&quot;space_between&quot;:{&quot;unit&quot;:&quot;px&quot;,&quot;size&quot;:10,&quot;sizes&quot;:[]},&quot;space_between_tablet&quot;:{&quot;unit&quot;:&quot;px&quot;,&quot;size&quot;:10,&quot;sizes&quot;:[]},&quot;space_between_mobile&quot;:{&quot;unit&quot;:&quot;px&quot;,&quot;size&quot;:10,&quot;sizes&quot;:[]}}\" data-widget_type=\"media-carousel.default\">\n\t\t\t\t<div class=\"elementor-widget-container\">\n\t\t\t\t\t\t\t\t\t<div class=\"elementor-swiper\">\n\t\t\t\t\t<div class=\"elementor-main-swiper swiper\" role=\"region\" aria-roledescription=\"carousel\" aria-label=\"Slides\">\n\t\t\t\t<div class=\"swiper-wrapper\">\n\t\t\t\t\t\t\t\t\t\t\t<div class=\"swiper-slide\" role=\"group\" aria-roledescription=\"slide\">\n\t\t\t\t\t\t\t\t\t<div class=\"elementor-carousel-image\" role=\"img\" aria-label=\"Ant rubeziaus reprezentacines foto (1)\" style=\"background-image: url(&#039;https:\/\/jonis.lt\/antrubeziaus\/wp-content\/uploads\/2022\/02\/Ant-rubeziaus-reprezentacines-foto-1.jpg&#039;)\">\n\n\t\t\t\n\t\t\t\t\t<\/div>\n\t\t\t\t\t\t\t\t<\/div>\n\t\t\t\t\t\t\t\t\t\t\t<div class=\"swiper-slide\" role=\"group\" aria-roledescription=\"slide\">\n\t\t\t\t\t\t\t\t\t<div class=\"elementor-carousel-image\" role=\"img\" aria-label=\"Ant rubeziaus reprezentacines foto (2)\" style=\"background-image: url(&#039;https:\/\/jonis.lt\/antrubeziaus\/wp-content\/uploads\/2022\/02\/Ant-rubeziaus-reprezentacines-foto-2.jpg&#039;)\">\n\n\t\t\t\n\t\t\t\t\t<\/div>\n\t\t\t\t\t\t\t\t<\/div>\n\t\t\t\t\t\t\t\t\t\t\t<div class=\"swiper-slide\" role=\"group\" aria-roledescription=\"slide\">\n\t\t\t\t\t\t\t\t\t<div class=\"elementor-carousel-image\" role=\"img\" aria-label=\"Ant rubeziaus reprezentacines foto (3)\" style=\"background-image: url(&#039;https:\/\/jonis.lt\/antrubeziaus\/wp-content\/uploads\/2022\/02\/Ant-rubeziaus-reprezentacines-foto-3.jpg&#039;)\">\n\n\t\t\t\n\t\t\t\t\t<\/div>\n\t\t\t\t\t\t\t\t<\/div>\n\t\t\t\t\t\t\t\t\t\t\t<div class=\"swiper-slide\" role=\"group\" aria-roledescription=\"slide\">\n\t\t\t\t\t\t\t\t\t<div class=\"elementor-carousel-image\" role=\"img\" aria-label=\"Ant rubeziaus reprezentacines foto (4)\" style=\"background-image: url(&#039;https:\/\/jonis.lt\/antrubeziaus\/wp-content\/uploads\/2022\/02\/Ant-rubeziaus-reprezentacines-foto-4.jpg&#039;)\">\n\n\t\t\t\n\t\t\t\t\t<\/div>\n\t\t\t\t\t\t\t\t<\/div>\n\t\t\t\t\t\t\t\t\t\t\t<div class=\"swiper-slide\" role=\"group\" aria-roledescription=\"slide\">\n\t\t\t\t\t\t\t\t\t<div class=\"elementor-carousel-image\" role=\"img\" aria-label=\"Ant rubeziaus reprezentacines foto (6)\" style=\"background-image: url(&#039;https:\/\/jonis.lt\/antrubeziaus\/wp-content\/uploads\/2022\/02\/Ant-rubeziaus-reprezentacines-foto-6.jpg&#039;)\">\n\n\t\t\t\n\t\t\t\t\t<\/div>\n\t\t\t\t\t\t\t\t<\/div>\n\t\t\t\t\t\t\t\t\t\t\t<div class=\"swiper-slide\" role=\"group\" aria-roledescription=\"slide\">\n\t\t\t\t\t\t\t\t\t<div class=\"elementor-carousel-image\" role=\"img\" aria-label=\"Ant rubeziaus reprezentacines foto (16)\" style=\"background-image: url(&#039;https:\/\/jonis.lt\/antrubeziaus\/wp-content\/uploads\/2022\/02\/Ant-rubeziaus-reprezentacines-foto-16.jpg&#039;)\">\n\n\t\t\t\n\t\t\t\t\t<\/div>\n\t\t\t\t\t\t\t\t<\/div>\n\t\t\t\t\t\t\t\t\t<\/div>\n\t\t\t\t\t\t\t\t\t\t\t\t\t\t\t<div class=\"elementor-swiper-button elementor-swiper-button-prev\" role=\"button\" tabindex=\"0\" aria-label=\"Previous\">\n\t\t\t\t\t\t\t<i aria-hidden=\"true\" class=\"eicon-chevron-left\"><\/i>\t\t\t\t\t\t<\/div>\n\t\t\t\t\t\t<div class=\"elementor-swiper-button elementor-swiper-button-next\" role=\"button\" tabindex=\"0\" aria-label=\"Next\">\n\t\t\t\t\t\t\t<i aria-hidden=\"true\" class=\"eicon-chevron-right\"><\/i>\t\t\t\t\t\t<\/div>\n\t\t\t\t\t\t\t\t\t\t\t\t\t\t\t\t<div class=\"swiper-pagination\"><\/div>\n\t\t\t\t\t\t\t\t\t\t\t\t<\/div>\n\t\t\t\t<\/div>\n\t\t\t\t\t\t\t\t<\/div>\n\t\t\t\t<\/div>\n\t\t\t\t\t<\/div>\n\t\t<\/div>\n\t\t\t\t\t<\/div>\n\t\t<\/section>\n\t\t\t\t<\/div>\n\t\t","protected":false},"excerpt":{"rendered":"<p>XXV Jubiliejinis Lietuvos, Latvijos ir Estijos kaimo muzikant\u0173 ir kapelij\u0173 festivalis \u201eAnt rube\u017eiaus\u201d, tautodail\u0117s ir amat\u0173 mug\u0117 P\u0117s\u010di\u0173j\u0173 bulvare (Vilniaus g.). \u00a0 Laikas: 2026 m. gegu\u017e\u0117s 28-30 dienomis.\u00a0 Vieta: \u0160iauliai, Lietuva. Prisik\u0117limo aik\u0161t\u0117 &#8211; Au\u0161ros al\u0117jos ir Til\u017e\u0117s g. sankirta (pagrindin\u0117 scena), P\u0117s\u010di\u0173j\u0173 bulvaras &#8211; Vilniaus g. (Tautodail\u0117s ir amat\u0173 mug\u0117), muzikinio klubo \u201eJuon\u0117 pastuog\u0117\u201d [&hellip;]<\/p>\n","protected":false},"author":2,"featured_media":0,"parent":0,"menu_order":0,"comment_status":"closed","ping_status":"closed","template":"elementor_header_footer","meta":{"site-sidebar-layout":"no-sidebar","site-content-layout":"page-builder","ast-site-content-layout":"","site-content-style":"default","site-sidebar-style":"default","ast-global-header-display":"","ast-banner-title-visibility":"","ast-main-header-display":"","ast-hfb-above-header-display":"","ast-hfb-below-header-display":"","ast-hfb-mobile-header-display":"","site-post-title":"disabled","ast-breadcrumbs-content":"","ast-featured-img":"disabled","footer-sml-layout":"","theme-transparent-header-meta":"","adv-header-id-meta":"","stick-header-meta":"","header-above-stick-meta":"","header-main-stick-meta":"","header-below-stick-meta":"","astra-migrate-meta-layouts":"default","ast-page-background-enabled":"default","ast-page-background-meta":{"desktop":{"background-color":"var(--ast-global-color-4)","background-image":"","background-repeat":"repeat","background-position":"center center","background-size":"auto","background-attachment":"scroll","background-type":"","background-media":"","overlay-type":"","overlay-color":"","overlay-opacity":"","overlay-gradient":""},"tablet":{"background-color":"","background-image":"","background-repeat":"repeat","background-position":"center center","background-size":"auto","background-attachment":"scroll","background-type":"","background-media":"","overlay-type":"","overlay-color":"","overlay-opacity":"","overlay-gradient":""},"mobile":{"background-color":"","background-image":"","background-repeat":"repeat","background-position":"center center","background-size":"auto","background-attachment":"scroll","background-type":"","background-media":"","overlay-type":"","overlay-color":"","overlay-opacity":"","overlay-gradient":""}},"ast-content-background-meta":{"desktop":{"background-color":"var(--ast-global-color-5)","background-image":"","background-repeat":"repeat","background-position":"center center","background-size":"auto","background-attachment":"scroll","background-type":"","background-media":"","overlay-type":"","overlay-color":"","overlay-opacity":"","overlay-gradient":""},"tablet":{"background-color":"var(--ast-global-color-5)","background-image":"","background-repeat":"repeat","background-position":"center center","background-size":"auto","background-attachment":"scroll","background-type":"","background-media":"","overlay-type":"","overlay-color":"","overlay-opacity":"","overlay-gradient":""},"mobile":{"background-color":"var(--ast-global-color-5)","background-image":"","background-repeat":"repeat","background-position":"center center","background-size":"auto","background-attachment":"scroll","background-type":"","background-media":"","overlay-type":"","overlay-color":"","overlay-opacity":"","overlay-gradient":""}},"footnotes":""},"class_list":["post-30","page","type-page","status-publish","hentry"],"_links":{"self":[{"href":"https:\/\/jonis.lt\/antrubeziaus\/wp-json\/wp\/v2\/pages\/30","targetHints":{"allow":["GET"]}}],"collection":[{"href":"https:\/\/jonis.lt\/antrubeziaus\/wp-json\/wp\/v2\/pages"}],"about":[{"href":"https:\/\/jonis.lt\/antrubeziaus\/wp-json\/wp\/v2\/types\/page"}],"author":[{"embeddable":true,"href":"https:\/\/jonis.lt\/antrubeziaus\/wp-json\/wp\/v2\/users\/2"}],"replies":[{"embeddable":true,"href":"https:\/\/jonis.lt\/antrubeziaus\/wp-json\/wp\/v2\/comments?post=30"}],"version-history":[{"count":71,"href":"https:\/\/jonis.lt\/antrubeziaus\/wp-json\/wp\/v2\/pages\/30\/revisions"}],"predecessor-version":[{"id":3940,"href":"https:\/\/jonis.lt\/antrubeziaus\/wp-json\/wp\/v2\/pages\/30\/revisions\/3940"}],"wp:attachment":[{"href":"https:\/\/jonis.lt\/antrubeziaus\/wp-json\/wp\/v2\/media?parent=30"}],"curies":[{"name":"wp","href":"https:\/\/api.w.org\/{rel}","templated":true}]}}