{"id":40,"date":"2022-01-04T10:39:04","date_gmt":"2022-01-04T10:39:04","guid":{"rendered":"https:\/\/jonis.lt\/antrubeziaus\/?page_id=40"},"modified":"2026-02-23T23:42:12","modified_gmt":"2026-02-23T23:42:12","slug":"kontaktai","status":"publish","type":"page","link":"https:\/\/jonis.lt\/antrubeziaus\/kontaktai\/","title":{"rendered":"Kontaktai"},"content":{"rendered":"\t\t<div data-elementor-type=\"wp-page\" data-elementor-id=\"40\" class=\"elementor elementor-40\" data-elementor-post-type=\"page\">\n\t\t\t\t\t\t<section class=\"elementor-section elementor-top-section elementor-element elementor-element-aa8560e elementor-section-boxed elementor-section-height-default elementor-section-height-default\" data-id=\"aa8560e\" data-element_type=\"section\" data-e-type=\"section\">\n\t\t\t\t\t\t<div class=\"elementor-container elementor-column-gap-default\">\n\t\t\t\t\t<div class=\"elementor-column elementor-col-20 elementor-top-column elementor-element elementor-element-e88181f\" data-id=\"e88181f\" data-element_type=\"column\" data-e-type=\"column\">\n\t\t\t<div class=\"elementor-widget-wrap elementor-element-populated\">\n\t\t\t\t\t\t<div class=\"elementor-element elementor-element-e7040d6 elementor-widget elementor-widget-text-editor\" data-id=\"e7040d6\" data-element_type=\"widget\" data-e-type=\"widget\" data-widget_type=\"text-editor.default\">\n\t\t\t\t<div class=\"elementor-widget-container\">\n\t\t\t\t\t\t\t\t\t<h6 style=\"text-align: center;\"><img fetchpriority=\"high\" decoding=\"async\" class=\"aligncenter size-full wp-image-3759\" src=\"https:\/\/jonis.lt\/antrubeziaus\/wp-content\/uploads\/2025\/10\/Pranciskus-Trijonis-prodiuseris.png\" alt=\"\" width=\"400\" height=\"424\" srcset=\"https:\/\/jonis.lt\/antrubeziaus\/wp-content\/uploads\/2025\/10\/Pranciskus-Trijonis-prodiuseris.png 400w, https:\/\/jonis.lt\/antrubeziaus\/wp-content\/uploads\/2025\/10\/Pranciskus-Trijonis-prodiuseris-283x300.png 283w\" sizes=\"(max-width: 400px) 100vw, 400px\" \/><\/h6><h6>\u00a0<\/h6><h6 style=\"text-align: center;\"><span style=\"vertical-align: inherit;\"><span style=\"vertical-align: inherit;\">Festivalio prodiuseris<\/span><\/span><\/h6><h6 style=\"text-align: center;\"><b><span style=\"vertical-align: inherit;\"><span style=\"vertical-align: inherit;\">Pranci\u0161kus Trijonis<\/span><\/span><\/b><\/h6><h6 style=\"text-align: center;\"><span style=\"vertical-align: inherit;\"><span style=\"vertical-align: inherit;\">Mob. <\/span><span style=\"vertical-align: inherit;\">+370 611 16565<\/span><\/span><\/h6><h6 style=\"text-align: center;\"><a href=\"mailto:jonis@splius.lt\"><span style=\"vertical-align: inherit;\"><span style=\"vertical-align: inherit;\">jonis@splius.lt<\/span><\/span><\/a><\/h6>\t\t\t\t\t\t\t\t<\/div>\n\t\t\t\t<\/div>\n\t\t\t\t\t<\/div>\n\t\t<\/div>\n\t\t\t\t<div class=\"elementor-column elementor-col-20 elementor-top-column elementor-element elementor-element-3e86f4f\" data-id=\"3e86f4f\" data-element_type=\"column\" data-e-type=\"column\">\n\t\t\t<div class=\"elementor-widget-wrap elementor-element-populated\">\n\t\t\t\t\t\t<div class=\"elementor-element elementor-element-2a16885 elementor-widget elementor-widget-text-editor\" data-id=\"2a16885\" data-element_type=\"widget\" data-e-type=\"widget\" data-widget_type=\"text-editor.default\">\n\t\t\t\t<div class=\"elementor-widget-container\">\n\t\t\t\t\t\t\t\t\t<p style=\"text-align: center;\"><img decoding=\"async\" class=\"alignnone size-full wp-image-1545\" src=\"https:\/\/jonis.lt\/antrubeziaus\/wp-content\/uploads\/2022\/01\/Zenonas-Ripinskis-1.jpg\" alt=\"\" width=\"400\" height=\"424\" srcset=\"https:\/\/jonis.lt\/antrubeziaus\/wp-content\/uploads\/2022\/01\/Zenonas-Ripinskis-1.jpg 400w, https:\/\/jonis.lt\/antrubeziaus\/wp-content\/uploads\/2022\/01\/Zenonas-Ripinskis-1-283x300.jpg 283w\" sizes=\"(max-width: 400px) 100vw, 400px\" \/><\/p><h6 style=\"text-align: center;\"><span style=\"vertical-align: inherit;\"><span style=\"vertical-align: inherit;\">Prodiuserio pavaduotojas\u00a0<\/span><\/span><\/h6><h6 style=\"text-align: center;\"><strong><span style=\"vertical-align: inherit;\"><span class=\"\" style=\"vertical-align: inherit;\">Zenonas Ripinskis<\/span><\/span><\/strong><\/h6><h6 style=\"text-align: center;\"><span style=\"vertical-align: inherit;\"><span style=\"vertical-align: inherit;\">Mob. <\/span><span style=\"vertical-align: inherit;\">+370 685 33142<\/span><\/span><\/h6><h6 style=\"text-align: center;\"><a href=\"mailto:zenonas.ripinskis@gmail.com\"><span style=\"vertical-align: inherit;\"><span style=\"vertical-align: inherit;\">zenonas.ripinskis@gmail.com<\/span><\/span><\/a><\/h6>\t\t\t\t\t\t\t\t<\/div>\n\t\t\t\t<\/div>\n\t\t\t\t\t<\/div>\n\t\t<\/div>\n\t\t\t\t<div class=\"elementor-column elementor-col-20 elementor-top-column elementor-element elementor-element-9fc8be9\" data-id=\"9fc8be9\" data-element_type=\"column\" data-e-type=\"column\">\n\t\t\t<div class=\"elementor-widget-wrap elementor-element-populated\">\n\t\t\t\t\t\t<div class=\"elementor-element elementor-element-9b848ad elementor-widget elementor-widget-text-editor\" data-id=\"9b848ad\" data-element_type=\"widget\" data-e-type=\"widget\" data-widget_type=\"text-editor.default\">\n\t\t\t\t<div class=\"elementor-widget-container\">\n\t\t\t\t\t\t\t\t\t<p style=\"text-align: center;\"><img decoding=\"async\" class=\"alignnone size-full wp-image-1546\" src=\"https:\/\/jonis.lt\/antrubeziaus\/wp-content\/uploads\/2022\/01\/Iveta-Dukalska-1.jpg\" alt=\"\" width=\"400\" height=\"424\" srcset=\"https:\/\/jonis.lt\/antrubeziaus\/wp-content\/uploads\/2022\/01\/Iveta-Dukalska-1.jpg 400w, https:\/\/jonis.lt\/antrubeziaus\/wp-content\/uploads\/2022\/01\/Iveta-Dukalska-1-283x300.jpg 283w\" sizes=\"(max-width: 400px) 100vw, 400px\" \/><\/p><h6 style=\"text-align: center;\">Festivalio koordinator\u0117 Latvijoje, Latvijos etno muzikant\u0173 asociacijos vadov\u0117<\/h6><h6 style=\"text-align: center;\"><strong>Iveta Dukalska<\/strong><\/h6><h6 style=\"text-align: center;\">Mob. +371 200 19452<\/h6><h6 style=\"text-align: center;\"><a href=\"mailto:ivetadukalska@inbox.lv\">ivetadukalska@inbox.lv<\/a><\/h6>\t\t\t\t\t\t\t\t<\/div>\n\t\t\t\t<\/div>\n\t\t\t\t\t<\/div>\n\t\t<\/div>\n\t\t\t\t<div class=\"elementor-column elementor-col-20 elementor-top-column elementor-element elementor-element-577a63e\" data-id=\"577a63e\" data-element_type=\"column\" data-e-type=\"column\">\n\t\t\t<div class=\"elementor-widget-wrap elementor-element-populated\">\n\t\t\t\t\t\t<div class=\"elementor-element elementor-element-ec7a01a elementor-widget elementor-widget-text-editor\" data-id=\"ec7a01a\" data-element_type=\"widget\" data-e-type=\"widget\" data-widget_type=\"text-editor.default\">\n\t\t\t\t<div class=\"elementor-widget-container\">\n\t\t\t\t\t\t\t\t\t<p style=\"text-align: center;\"><img loading=\"lazy\" decoding=\"async\" class=\"alignnone size-full wp-image-1547\" src=\"https:\/\/jonis.lt\/antrubeziaus\/wp-content\/uploads\/2022\/01\/Mati-1.jpg\" alt=\"\" width=\"400\" height=\"424\" srcset=\"https:\/\/jonis.lt\/antrubeziaus\/wp-content\/uploads\/2022\/01\/Mati-1.jpg 400w, https:\/\/jonis.lt\/antrubeziaus\/wp-content\/uploads\/2022\/01\/Mati-1-283x300.jpg 283w\" sizes=\"(max-width: 400px) 100vw, 400px\" \/><\/p><h6 style=\"text-align: center;\"><span style=\"vertical-align: inherit;\"><span class=\"\" style=\"vertical-align: inherit;\"><span style=\"vertical-align: inherit;\"><span style=\"vertical-align: inherit;\"><span style=\"vertical-align: inherit;\"><span class=\"goog-text-highlight\" style=\"vertical-align: inherit;\"><span style=\"vertical-align: inherit;\"><span style=\"vertical-align: inherit;\">Festivalio koordinatorius Estijoje<\/span><\/span><\/span><\/span><\/span><\/span><\/span><\/span><\/h6><h6 style=\"text-align: center;\"><strong><span style=\"vertical-align: inherit;\"><span class=\"\" style=\"vertical-align: inherit;\"><span style=\"vertical-align: inherit;\"><span style=\"vertical-align: inherit;\"><span style=\"vertical-align: inherit;\"><span class=\"\" style=\"vertical-align: inherit;\"><span style=\"vertical-align: inherit;\"><span style=\"vertical-align: inherit;\">Mati V\u00fcrst\u00a0<\/span><\/span><\/span><\/span><\/span><\/span><\/span><\/span><\/strong><em>\u00a0<\/em><\/h6><h6 style=\"text-align: center;\"><span style=\"vertical-align: inherit;\"><span style=\"vertical-align: inherit;\"><span style=\"vertical-align: inherit;\"><span style=\"vertical-align: inherit;\"><span style=\"vertical-align: inherit;\"><span style=\"vertical-align: inherit;\"><span style=\"vertical-align: inherit;\"><span style=\"vertical-align: inherit;\">Mob. <\/span><\/span><\/span><\/span><\/span><\/span><\/span><span style=\"vertical-align: inherit;\"><span style=\"vertical-align: inherit;\"><span style=\"vertical-align: inherit;\"><span style=\"vertical-align: inherit;\"><span style=\"vertical-align: inherit;\"><span style=\"vertical-align: inherit;\"><span style=\"vertical-align: inherit;\">+372 578 11697<\/span><\/span><\/span><\/span><\/span><\/span><\/span><\/span><\/h6><h6 style=\"text-align: center;\"><u><a href=\"mailto:m.ati59@hotmail.com\"><span style=\"vertical-align: inherit;\"><span style=\"vertical-align: inherit;\"><span style=\"vertical-align: inherit;\"><span style=\"vertical-align: inherit;\"><span style=\"vertical-align: inherit;\"><span style=\"vertical-align: inherit;\"><span style=\"vertical-align: inherit;\"><span style=\"vertical-align: inherit;\">m.ati59@hotmail.com<\/span><\/span><\/span><\/span><\/span><\/span><\/span><\/span><\/a><span style=\"vertical-align: inherit;\"><span style=\"vertical-align: inherit;\"><span style=\"vertical-align: inherit;\"><span style=\"vertical-align: inherit;\"> m<\/span><\/span><\/span><\/span><\/u><\/h6>\t\t\t\t\t\t\t\t<\/div>\n\t\t\t\t<\/div>\n\t\t\t\t\t<\/div>\n\t\t<\/div>\n\t\t\t\t<div class=\"elementor-column elementor-col-20 elementor-top-column elementor-element elementor-element-ca83a00\" data-id=\"ca83a00\" data-element_type=\"column\" data-e-type=\"column\">\n\t\t\t<div class=\"elementor-widget-wrap elementor-element-populated\">\n\t\t\t\t\t\t<div class=\"elementor-element elementor-element-909d2f1 elementor-widget elementor-widget-text-editor\" data-id=\"909d2f1\" data-element_type=\"widget\" data-e-type=\"widget\" data-widget_type=\"text-editor.default\">\n\t\t\t\t<div class=\"elementor-widget-container\">\n\t\t\t\t\t\t\t\t\t<p style=\"text-align: center;\"><img loading=\"lazy\" decoding=\"async\" class=\"alignnone size-full wp-image-1407\" src=\"https:\/\/jonis.lt\/antrubeziaus\/wp-content\/uploads\/2022\/01\/Zita-Mundiniene.jpg\" alt=\"\" width=\"434\" height=\"460\" srcset=\"https:\/\/jonis.lt\/antrubeziaus\/wp-content\/uploads\/2022\/01\/Zita-Mundiniene.jpg 434w, https:\/\/jonis.lt\/antrubeziaus\/wp-content\/uploads\/2022\/01\/Zita-Mundiniene-283x300.jpg 283w\" sizes=\"(max-width: 434px) 100vw, 434px\" \/><\/p>\n<h6 style=\"text-align: center;\"><span style=\"vertical-align: inherit;\"><span style=\"vertical-align: inherit;\"><span style=\"vertical-align: inherit;\"><span class=\"goog-text-highlight\" style=\"vertical-align: inherit;\"><span style=\"vertical-align: inherit;\"><span style=\"vertical-align: inherit;\"><font style=\"vertical-align: inherit;\"><font style=\"vertical-align: inherit;\">Festivalio mug\u0117s koordinator\u0117<\/font><\/font><\/span><\/span><\/span><\/span><\/span><\/span><\/h6>\n<h6 style=\"text-align: center;\"><strong><span style=\"vertical-align: inherit;\"><span class=\"\" style=\"vertical-align: inherit;\"><span style=\"vertical-align: inherit;\"><span class=\"\" style=\"vertical-align: inherit;\"><span style=\"vertical-align: inherit;\"><span style=\"vertical-align: inherit;\"><font style=\"vertical-align: inherit;\"><font style=\"vertical-align: inherit;\">Zita Mundinien\u0117<\/font><\/font><\/span><\/span><\/span><\/span><\/span><\/span><\/strong><\/h6>\n<h6 style=\"text-align: center;\"><span style=\"vertical-align: inherit;\"><span style=\"vertical-align: inherit;\"><span style=\"vertical-align: inherit;\"><span style=\"vertical-align: inherit;\"><span style=\"vertical-align: inherit;\"><span style=\"vertical-align: inherit;\"><font style=\"vertical-align: inherit;\"><font style=\"vertical-align: inherit;\">Mob. <\/font><\/font><\/span><\/span><\/span><\/span><\/span><span style=\"vertical-align: inherit;\"><span style=\"vertical-align: inherit;\"><span style=\"vertical-align: inherit;\"><span style=\"vertical-align: inherit;\"><span style=\"vertical-align: inherit;\"><font style=\"vertical-align: inherit;\"><font style=\"vertical-align: inherit;\">+370 614 19562<\/font><\/font><\/span><\/span><\/span><\/span><\/span><\/span><\/h6>\n<h6 style=\"text-align: center;\"><a href=\"mailto:zitamuge@gmail.com\"><span style=\"vertical-align: inherit;\"><span style=\"vertical-align: inherit;\"><span style=\"vertical-align: inherit;\"><span style=\"vertical-align: inherit;\"><span style=\"vertical-align: inherit;\"><span style=\"vertical-align: inherit;\"><font style=\"vertical-align: inherit;\"><font style=\"vertical-align: inherit;\">zitamuge@gmail.com<\/font><\/font><\/span><\/span><\/span><\/span><\/span><\/span><\/a> &nbsp;&nbsp;&nbsp;&nbsp;&nbsp;<\/h6>\t\t\t\t\t\t\t\t<\/div>\n\t\t\t\t<\/div>\n\t\t\t\t\t<\/div>\n\t\t<\/div>\n\t\t\t\t\t<\/div>\n\t\t<\/section>\n\t\t\t\t<\/div>\n\t\t","protected":false},"excerpt":{"rendered":"<p>\u00a0 Festivalio prodiuseris Pranci\u0161kus Trijonis Mob. +370 611 16565 jonis@splius.lt Prodiuserio pavaduotojas\u00a0 Zenonas Ripinskis Mob. +370 685 33142 zenonas.ripinskis@gmail.com Festivalio koordinator\u0117 Latvijoje, Latvijos etno muzikant\u0173 asociacijos vadov\u0117 Iveta Dukalska Mob. +371 200 19452 ivetadukalska@inbox.lv Festivalio koordinatorius Estijoje Mati V\u00fcrst\u00a0\u00a0 Mob. +372 578 11697 m.ati59@hotmail.com m Festivalio mug\u0117s koordinator\u0117 Zita Mundinien\u0117 Mob. +370 614 19562 zitamuge@gmail.com [&hellip;]<\/p>\n","protected":false},"author":1,"featured_media":0,"parent":0,"menu_order":0,"comment_status":"closed","ping_status":"closed","template":"elementor_header_footer","meta":{"site-sidebar-layout":"no-sidebar","site-content-layout":"page-builder","ast-site-content-layout":"","site-content-style":"default","site-sidebar-style":"default","ast-global-header-display":"","ast-banner-title-visibility":"","ast-main-header-display":"","ast-hfb-above-header-display":"","ast-hfb-below-header-display":"","ast-hfb-mobile-header-display":"","site-post-title":"disabled","ast-breadcrumbs-content":"","ast-featured-img":"disabled","footer-sml-layout":"","theme-transparent-header-meta":"","adv-header-id-meta":"","stick-header-meta":"","header-above-stick-meta":"","header-main-stick-meta":"","header-below-stick-meta":"","astra-migrate-meta-layouts":"default","ast-page-background-enabled":"default","ast-page-background-meta":{"desktop":{"background-color":"var(--ast-global-color-4)","background-image":"","background-repeat":"repeat","background-position":"center center","background-size":"auto","background-attachment":"scroll","background-type":"","background-media":"","overlay-type":"","overlay-color":"","overlay-opacity":"","overlay-gradient":""},"tablet":{"background-color":"","background-image":"","background-repeat":"repeat","background-position":"center center","background-size":"auto","background-attachment":"scroll","background-type":"","background-media":"","overlay-type":"","overlay-color":"","overlay-opacity":"","overlay-gradient":""},"mobile":{"background-color":"","background-image":"","background-repeat":"repeat","background-position":"center center","background-size":"auto","background-attachment":"scroll","background-type":"","background-media":"","overlay-type":"","overlay-color":"","overlay-opacity":"","overlay-gradient":""}},"ast-content-background-meta":{"desktop":{"background-color":"var(--ast-global-color-5)","background-image":"","background-repeat":"repeat","background-position":"center center","background-size":"auto","background-attachment":"scroll","background-type":"","background-media":"","overlay-type":"","overlay-color":"","overlay-opacity":"","overlay-gradient":""},"tablet":{"background-color":"var(--ast-global-color-5)","background-image":"","background-repeat":"repeat","background-position":"center center","background-size":"auto","background-attachment":"scroll","background-type":"","background-media":"","overlay-type":"","overlay-color":"","overlay-opacity":"","overlay-gradient":""},"mobile":{"background-color":"var(--ast-global-color-5)","background-image":"","background-repeat":"repeat","background-position":"center center","background-size":"auto","background-attachment":"scroll","background-type":"","background-media":"","overlay-type":"","overlay-color":"","overlay-opacity":"","overlay-gradient":""}},"footnotes":""},"class_list":["post-40","page","type-page","status-publish","hentry"],"_links":{"self":[{"href":"https:\/\/jonis.lt\/antrubeziaus\/wp-json\/wp\/v2\/pages\/40","targetHints":{"allow":["GET"]}}],"collection":[{"href":"https:\/\/jonis.lt\/antrubeziaus\/wp-json\/wp\/v2\/pages"}],"about":[{"href":"https:\/\/jonis.lt\/antrubeziaus\/wp-json\/wp\/v2\/types\/page"}],"author":[{"embeddable":true,"href":"https:\/\/jonis.lt\/antrubeziaus\/wp-json\/wp\/v2\/users\/1"}],"replies":[{"embeddable":true,"href":"https:\/\/jonis.lt\/antrubeziaus\/wp-json\/wp\/v2\/comments?post=40"}],"version-history":[{"count":37,"href":"https:\/\/jonis.lt\/antrubeziaus\/wp-json\/wp\/v2\/pages\/40\/revisions"}],"predecessor-version":[{"id":3925,"href":"https:\/\/jonis.lt\/antrubeziaus\/wp-json\/wp\/v2\/pages\/40\/revisions\/3925"}],"wp:attachment":[{"href":"https:\/\/jonis.lt\/antrubeziaus\/wp-json\/wp\/v2\/media?parent=40"}],"curies":[{"name":"wp","href":"https:\/\/api.w.org\/{rel}","templated":true}]}}